{"id":7,"date":"2019-02-25T12:37:08","date_gmt":"2019-02-25T12:37:08","guid":{"rendered":"https:\/\/websitedemos.net\/alex32\/?page_id=7"},"modified":"2021-01-03T19:06:43","modified_gmt":"2021-01-03T19:06:43","slug":"nospraticiens","status":"publish","type":"page","link":"http:\/\/www.tunisimplant.com\/en\/nospraticiens\/","title":{"rendered":"Our Practitioners"},"content":{"rendered":"<div data-elementor-type=\"wp-post\" data-elementor-id=\"7\" class=\"elementor elementor-7\">\n\t\t\t\t\t\t\t\t\t<section class=\"elementor-section elementor-top-section elementor-element elementor-element-ba18039 elementor-section-content-bottom elementor-section-boxed elementor-section-height-default elementor-section-height-default\" data-id=\"ba18039\" data-element_type=\"section\" data-settings=\"{&quot;background_background&quot;:&quot;classic&quot;}\">\n\t\t\t\t\t\t\t<div class=\"elementor-background-overlay\"><\/div>\n\t\t\t\t\t\t\t<div class=\"elementor-container elementor-column-gap-no\">\n\t\t\t\t\t<div class=\"elementor-column elementor-col-100 elementor-top-column elementor-element elementor-element-88d41ad\" data-id=\"88d41ad\" data-element_type=\"column\">\n\t\t\t<div class=\"elementor-widget-wrap elementor-element-populated\">\n\t\t\t\t\t\t\t\t<div class=\"elementor-element elementor-element-07a7241 elementor-widget elementor-widget-spacer\" data-id=\"07a7241\" data-element_type=\"widget\" data-widget_type=\"spacer.default\">\n\t\t\t\t<div class=\"elementor-widget-container\">\n\t\t\t\t\t<div class=\"elementor-spacer\">\n\t\t\t<div class=\"elementor-spacer-inner\"><\/div>\n\t\t<\/div>\n\t\t\t\t<\/div>\n\t\t\t\t<\/div>\n\t\t\t\t\t<\/div>\n\t\t<\/div>\n\t\t\t\t\t\t\t<\/div>\n\t\t<\/section>\n\t\t\t\t<section class=\"elementor-section elementor-top-section elementor-element elementor-element-b4cee64 elementor-section-boxed elementor-section-height-default elementor-section-height-default\" data-id=\"b4cee64\" data-element_type=\"section\">\n\t\t\t\t\t\t<div class=\"elementor-container elementor-column-gap-default\">\n\t\t\t\t\t<div class=\"elementor-column elementor-col-100 elementor-top-column elementor-element elementor-element-6457d4e\" data-id=\"6457d4e\" data-element_type=\"column\">\n\t\t\t<div class=\"elementor-widget-wrap elementor-element-populated\">\n\t\t\t\t\t\t\t\t<div class=\"elementor-element elementor-element-5b6a6729 elementor-widget elementor-widget-heading\" data-id=\"5b6a6729\" data-element_type=\"widget\" data-widget_type=\"heading.default\">\n\t\t\t\t<div class=\"elementor-widget-container\">\n\t\t\t<h2 class=\"elementor-heading-title elementor-size-large\">Meet our practitioners<\/h2>\t\t<\/div>\n\t\t\t\t<\/div>\n\t\t\t\t\t<\/div>\n\t\t<\/div>\n\t\t\t\t\t\t\t<\/div>\n\t\t<\/section>\n\t\t\t\t<section class=\"elementor-section elementor-top-section elementor-element elementor-element-7b27dd7 elementor-section-boxed elementor-section-height-default elementor-section-height-default\" data-id=\"7b27dd7\" data-element_type=\"section\">\n\t\t\t\t\t\t<div class=\"elementor-container elementor-column-gap-default\">\n\t\t\t\t\t<div class=\"elementor-column elementor-col-100 elementor-top-column elementor-element elementor-element-910bef1\" data-id=\"910bef1\" data-element_type=\"column\">\n\t\t\t<div class=\"elementor-widget-wrap elementor-element-populated\">\n\t\t\t\t\t\t\t\t<section class=\"elementor-section elementor-inner-section elementor-element elementor-element-49823f7 elementor-section-boxed elementor-section-height-default elementor-section-height-default\" data-id=\"49823f7\" data-element_type=\"section\">\n\t\t\t\t\t\t<div class=\"elementor-container elementor-column-gap-default\">\n\t\t\t\t\t<div class=\"elementor-column elementor-col-50 elementor-inner-column elementor-element elementor-element-a39b838\" data-id=\"a39b838\" data-element_type=\"column\">\n\t\t\t<div class=\"elementor-widget-wrap elementor-element-populated\">\n\t\t\t\t\t\t\t\t<div class=\"elementor-element elementor-element-a5182b9 elementor-widget elementor-widget-heading\" data-id=\"a5182b9\" data-element_type=\"widget\" data-widget_type=\"heading.default\">\n\t\t\t\t<div class=\"elementor-widget-container\">\n\t\t\t<h2 class=\"elementor-heading-title elementor-size-default\">Dr. D.A<\/h2>\t\t<\/div>\n\t\t\t\t<\/div>\n\t\t\t\t<div class=\"elementor-element elementor-element-1c07383 elementor-widget elementor-widget-text-editor\" data-id=\"1c07383\" data-element_type=\"widget\" data-widget_type=\"text-editor.default\">\n\t\t\t\t<div class=\"elementor-widget-container\">\n\t\t\t\t\t\t\t<p>Dr. D.A is a specialist in dentistry.<\/p>\t\t\t\t\t\t<\/div>\n\t\t\t\t<\/div>\n\t\t\t\t<div class=\"elementor-element elementor-element-0d4faf6 elementor-widget elementor-widget-text-editor\" data-id=\"0d4faf6\" data-element_type=\"widget\" data-widget_type=\"text-editor.default\">\n\t\t\t\t<div class=\"elementor-widget-container\">\n\t\t\t\t\t\t\t<p>Doctor D.A has a proven track record in the field of oral, periodontal and implant surgery \"Computer Assisted Implantology\", bone grafting, digital dentistry, esthetic dentistry, laser therapy and dental aligners.<br \/>He is devoted exclusively to the dental field and offers his patients the latest state-of-the-art techniques providing quality, aesthetics and safety of care.<br \/><br \/><\/p>\t\t\t\t\t\t<\/div>\n\t\t\t\t<\/div>\n\t\t\t\t\t<\/div>\n\t\t<\/div>\n\t\t\t\t<div class=\"elementor-column elementor-col-50 elementor-inner-column elementor-element elementor-element-6467b34\" data-id=\"6467b34\" data-element_type=\"column\">\n\t\t\t<div class=\"elementor-widget-wrap elementor-element-populated\">\n\t\t\t\t\t\t\t\t<div class=\"elementor-element elementor-element-2897050 elementor-widget elementor-widget-heading\" data-id=\"2897050\" data-element_type=\"widget\" data-widget_type=\"heading.default\">\n\t\t\t\t<div class=\"elementor-widget-container\">\n\t\t\t<h2 class=\"elementor-heading-title elementor-size-default\">Dr. C.M <\/h2>\t\t<\/div>\n\t\t\t\t<\/div>\n\t\t\t\t<div class=\"elementor-element elementor-element-5309a03 elementor-widget elementor-widget-text-editor\" data-id=\"5309a03\" data-element_type=\"widget\" data-widget_type=\"text-editor.default\">\n\t\t\t\t<div class=\"elementor-widget-container\">\n\t\t\t\t\t\t\t<p>Dr. C.M is a specialist in aesthetic and regenerative medicine.<\/p>\t\t\t\t\t\t<\/div>\n\t\t\t\t<\/div>\n\t\t\t\t<div class=\"elementor-element elementor-element-57eaa05 elementor-widget elementor-widget-text-editor\" data-id=\"57eaa05\" data-element_type=\"widget\" data-widget_type=\"text-editor.default\">\n\t\t\t\t<div class=\"elementor-widget-container\">\n\t\t\t\t\t\t\t<p>Dr C.M. is a graduate of the International College of Aesthetic Medicine (CIME) Paris. She puts her expertise at your service to offer you the best treatments and procedures in aesthetic and regenerative medicine (botulinum toxin, hyaluronic acid filling, tensor threads, peelings, prp, mesotherapy...); nutritherapy and slimming techniques, medical lasers and hair transplants.<\/p><p>\u00a0<\/p><p>\u00a0<\/p>\t\t\t\t\t\t<\/div>\n\t\t\t\t<\/div>\n\t\t\t\t\t<\/div>\n\t\t<\/div>\n\t\t\t\t\t\t\t<\/div>\n\t\t<\/section>\n\t\t\t\t<div class=\"elementor-element elementor-element-55489e6 elementor-widget elementor-widget-text-editor\" data-id=\"55489e6\" data-element_type=\"widget\" data-widget_type=\"text-editor.default\">\n\t\t\t\t<div class=\"elementor-widget-container\">\n\t\t\t\t\t\t\t<p>Our practitioners will thus be able to advise you, adapting to your requests for a global care with a natural and elegant results corresponding to your personal needs.<\/p>\t\t\t\t\t\t<\/div>\n\t\t\t\t<\/div>\n\t\t\t\t\t<\/div>\n\t\t<\/div>\n\t\t\t\t\t\t\t<\/div>\n\t\t<\/section>\n\t\t\t\t\t\t\t<\/div>","protected":false},"excerpt":{"rendered":"<p>Rencontrez nos praticiens Dr D.A Dr D.A est un sp\u00e9cialiste en m\u00e9decine dentaire. Docteur D.A a fait ses preuves dans le domaine de la chirurgie orale, parodontale et implantaire \u00ab\u00a0Implantologie assist\u00e9e par ordinateur\u00a0\u00bb,\u00a0 des greffes osseuses, de la dentisterie digitale, esth\u00e9tique, de la las\u00e9roth\u00e9rapie et des aligneurs dentaires.Il se consacre exclusivement au domaine dentaire et &hellip;<\/p>\n<p class=\"read-more\"> <a class=\"\" href=\"http:\/\/www.tunisimplant.com\/en\/nospraticiens\/\"> <span class=\"screen-reader-text\">Our Practitioners<\/span> Read More &raquo;<\/a><\/p>","protected":false},"author":1,"featured_media":0,"parent":0,"menu_order":0,"comment_status":"closed","ping_status":"closed","template":"","meta":{"_uag_custom_page_level_css":"","site-sidebar-layout":"no-sidebar","site-content-layout":"page-builder","ast-site-content-layout":"","site-content-style":"default","site-sidebar-style":"default","ast-global-header-display":"","ast-banner-title-visibility":"","ast-main-header-display":"","ast-hfb-above-header-display":"","ast-hfb-below-header-display":"","ast-hfb-mobile-header-display":"","site-post-title":"disabled","ast-breadcrumbs-content":"","ast-featured-img":"disabled","footer-sml-layout":"","theme-transparent-header-meta":"enabled","adv-header-id-meta":"","stick-header-meta":"","header-above-stick-meta":"","header-main-stick-meta":"","header-below-stick-meta":"","astra-migrate-meta-layouts":"","footnotes":""},"yoast_head":"<!-- This site is optimized with the Yoast SEO plugin v21.2 - https:\/\/yoast.com\/wordpress\/plugins\/seo\/ -->\n<title>Nos Praticiens - TunisImplant<\/title>\n<meta name=\"robots\" content=\"index, follow, max-snippet:-1, max-image-preview:large, max-video-preview:-1\" \/>\n<link rel=\"canonical\" href=\"http:\/\/www.tunisimplant.com\/en\/nospraticiens\/\" \/>\n<meta property=\"og:locale\" content=\"en_US\" \/>\n<meta property=\"og:type\" content=\"article\" \/>\n<meta property=\"og:title\" content=\"Nos Praticiens - TunisImplant\" \/>\n<meta property=\"og:description\" content=\"Rencontrez nos praticiens Dr D.A Dr D.A est un sp\u00e9cialiste en m\u00e9decine dentaire. Docteur D.A a fait ses preuves dans le domaine de la chirurgie orale, parodontale et implantaire \u00ab\u00a0Implantologie assist\u00e9e par ordinateur\u00a0\u00bb,\u00a0 des greffes osseuses, de la dentisterie digitale, esth\u00e9tique, de la las\u00e9roth\u00e9rapie et des aligneurs dentaires.Il se consacre exclusivement au domaine dentaire et &hellip; Nos Praticiens Read More &raquo;\" \/>\n<meta property=\"og:url\" content=\"http:\/\/www.tunisimplant.com\/en\/nospraticiens\/\" \/>\n<meta property=\"og:site_name\" content=\"TunisImplant\" \/>\n<meta property=\"article:modified_time\" content=\"2021-01-03T19:06:43+00:00\" \/>\n<meta name=\"twitter:card\" content=\"summary_large_image\" \/>\n<meta name=\"twitter:label1\" content=\"Est. reading time\" \/>\n\t<meta name=\"twitter:data1\" content=\"1 minute\" \/>\n<script type=\"application\/ld+json\" class=\"yoast-schema-graph\">{\"@context\":\"https:\/\/schema.org\",\"@graph\":[{\"@type\":\"WebPage\",\"@id\":\"http:\/\/www.tunisimplant.com\/en\/nospraticiens\/\",\"url\":\"http:\/\/www.tunisimplant.com\/en\/nospraticiens\/\",\"name\":\"Nos Praticiens - TunisImplant\",\"isPartOf\":{\"@id\":\"http:\/\/www.tunisimplant.com\/#website\"},\"datePublished\":\"2019-02-25T12:37:08+00:00\",\"dateModified\":\"2021-01-03T19:06:43+00:00\",\"breadcrumb\":{\"@id\":\"http:\/\/www.tunisimplant.com\/en\/nospraticiens\/#breadcrumb\"},\"inLanguage\":\"en-US\",\"potentialAction\":[{\"@type\":\"ReadAction\",\"target\":[\"http:\/\/www.tunisimplant.com\/en\/nospraticiens\/\"]}]},{\"@type\":\"BreadcrumbList\",\"@id\":\"http:\/\/www.tunisimplant.com\/en\/nospraticiens\/#breadcrumb\",\"itemListElement\":[{\"@type\":\"ListItem\",\"position\":1,\"name\":\"Home\",\"item\":\"http:\/\/www.tunisimplant.com\/\"},{\"@type\":\"ListItem\",\"position\":2,\"name\":\"Nos Praticiens\"}]},{\"@type\":\"WebSite\",\"@id\":\"http:\/\/www.tunisimplant.com\/#website\",\"url\":\"http:\/\/www.tunisimplant.com\/\",\"name\":\"TunisImplant\",\"description\":\"\",\"publisher\":{\"@id\":\"http:\/\/www.tunisimplant.com\/#organization\"},\"potentialAction\":[{\"@type\":\"SearchAction\",\"target\":{\"@type\":\"EntryPoint\",\"urlTemplate\":\"http:\/\/www.tunisimplant.com\/?s={search_term_string}\"},\"query-input\":\"required name=search_term_string\"}],\"inLanguage\":\"en-US\"},{\"@type\":\"Organization\",\"@id\":\"http:\/\/www.tunisimplant.com\/#organization\",\"name\":\"TunisImplant\",\"url\":\"http:\/\/www.tunisimplant.com\/\",\"logo\":{\"@type\":\"ImageObject\",\"inLanguage\":\"en-US\",\"@id\":\"http:\/\/www.tunisimplant.com\/#\/schema\/logo\/image\/\",\"url\":\"http:\/\/www.tunisimplant.com\/wp-content\/uploads\/2020\/02\/83445636_177188080216249_4882617580570804224_n.png\",\"contentUrl\":\"http:\/\/www.tunisimplant.com\/wp-content\/uploads\/2020\/02\/83445636_177188080216249_4882617580570804224_n.png\",\"width\":2244,\"height\":1352,\"caption\":\"TunisImplant\"},\"image\":{\"@id\":\"http:\/\/www.tunisimplant.com\/#\/schema\/logo\/image\/\"},\"sameAs\":[\"https:\/\/www.youtube.com\/channel\/UCycSCaSg5KMn7ZmmNbvPGBQ\"]}]}<\/script>\n<!-- \/ Yoast SEO plugin. -->","yoast_head_json":{"title":"Nos Praticiens - TunisImplant","robots":{"index":"index","follow":"follow","max-snippet":"max-snippet:-1","max-image-preview":"max-image-preview:large","max-video-preview":"max-video-preview:-1"},"canonical":"http:\/\/www.tunisimplant.com\/en\/nospraticiens\/","og_locale":"en_US","og_type":"article","og_title":"Nos Praticiens - TunisImplant","og_description":"Rencontrez nos praticiens Dr D.A Dr D.A est un sp\u00e9cialiste en m\u00e9decine dentaire. Docteur D.A a fait ses preuves dans le domaine de la chirurgie orale, parodontale et implantaire \u00ab\u00a0Implantologie assist\u00e9e par ordinateur\u00a0\u00bb,\u00a0 des greffes osseuses, de la dentisterie digitale, esth\u00e9tique, de la las\u00e9roth\u00e9rapie et des aligneurs dentaires.Il se consacre exclusivement au domaine dentaire et &hellip; Nos Praticiens Read More &raquo;","og_url":"http:\/\/www.tunisimplant.com\/en\/nospraticiens\/","og_site_name":"TunisImplant","article_modified_time":"2021-01-03T19:06:43+00:00","twitter_card":"summary_large_image","twitter_misc":{"Est. reading time":"1 minute"},"schema":{"@context":"https:\/\/schema.org","@graph":[{"@type":"WebPage","@id":"http:\/\/www.tunisimplant.com\/en\/nospraticiens\/","url":"http:\/\/www.tunisimplant.com\/en\/nospraticiens\/","name":"Nos Praticiens - TunisImplant","isPartOf":{"@id":"http:\/\/www.tunisimplant.com\/#website"},"datePublished":"2019-02-25T12:37:08+00:00","dateModified":"2021-01-03T19:06:43+00:00","breadcrumb":{"@id":"http:\/\/www.tunisimplant.com\/en\/nospraticiens\/#breadcrumb"},"inLanguage":"en-US","potentialAction":[{"@type":"ReadAction","target":["http:\/\/www.tunisimplant.com\/en\/nospraticiens\/"]}]},{"@type":"BreadcrumbList","@id":"http:\/\/www.tunisimplant.com\/en\/nospraticiens\/#breadcrumb","itemListElement":[{"@type":"ListItem","position":1,"name":"Home","item":"http:\/\/www.tunisimplant.com\/"},{"@type":"ListItem","position":2,"name":"Nos Praticiens"}]},{"@type":"WebSite","@id":"http:\/\/www.tunisimplant.com\/#website","url":"http:\/\/www.tunisimplant.com\/","name":"TunisImplant","description":"","publisher":{"@id":"http:\/\/www.tunisimplant.com\/#organization"},"potentialAction":[{"@type":"SearchAction","target":{"@type":"EntryPoint","urlTemplate":"http:\/\/www.tunisimplant.com\/?s={search_term_string}"},"query-input":"required name=search_term_string"}],"inLanguage":"en-US"},{"@type":"Organization","@id":"http:\/\/www.tunisimplant.com\/#organization","name":"TunisImplant","url":"http:\/\/www.tunisimplant.com\/","logo":{"@type":"ImageObject","inLanguage":"en-US","@id":"http:\/\/www.tunisimplant.com\/#\/schema\/logo\/image\/","url":"http:\/\/www.tunisimplant.com\/wp-content\/uploads\/2020\/02\/83445636_177188080216249_4882617580570804224_n.png","contentUrl":"http:\/\/www.tunisimplant.com\/wp-content\/uploads\/2020\/02\/83445636_177188080216249_4882617580570804224_n.png","width":2244,"height":1352,"caption":"TunisImplant"},"image":{"@id":"http:\/\/www.tunisimplant.com\/#\/schema\/logo\/image\/"},"sameAs":["https:\/\/www.youtube.com\/channel\/UCycSCaSg5KMn7ZmmNbvPGBQ"]}]}},"uagb_featured_image_src":{"full":false,"thumbnail":false,"medium":false,"medium_large":false,"large":false,"1536x1536":false,"2048x2048":false,"trp-custom-language-flag":false},"uagb_author_info":{"display_name":"khaledbenromdhane","author_link":"http:\/\/www.tunisimplant.com\/en\/author\/khaledbenromdhane\/"},"uagb_comment_info":0,"uagb_excerpt":"Rencontrez nos praticiens Dr D.A Dr D.A est un sp\u00e9cialiste en m\u00e9decine dentaire. Docteur D.A a fait ses preuves dans le domaine de la chirurgie orale, parodontale et implantaire \u00ab\u00a0Implantologie assist\u00e9e par ordinateur\u00a0\u00bb,\u00a0 des greffes osseuses, de la dentisterie digitale, esth\u00e9tique, de la las\u00e9roth\u00e9rapie et des aligneurs dentaires.Il se consacre exclusivement au domaine dentaire et&hellip;","_links":{"self":[{"href":"http:\/\/www.tunisimplant.com\/en\/wp-json\/wp\/v2\/pages\/7"}],"collection":[{"href":"http:\/\/www.tunisimplant.com\/en\/wp-json\/wp\/v2\/pages"}],"about":[{"href":"http:\/\/www.tunisimplant.com\/en\/wp-json\/wp\/v2\/types\/page"}],"author":[{"embeddable":true,"href":"http:\/\/www.tunisimplant.com\/en\/wp-json\/wp\/v2\/users\/1"}],"replies":[{"embeddable":true,"href":"http:\/\/www.tunisimplant.com\/en\/wp-json\/wp\/v2\/comments?post=7"}],"version-history":[{"count":69,"href":"http:\/\/www.tunisimplant.com\/en\/wp-json\/wp\/v2\/pages\/7\/revisions"}],"predecessor-version":[{"id":1977,"href":"http:\/\/www.tunisimplant.com\/en\/wp-json\/wp\/v2\/pages\/7\/revisions\/1977"}],"wp:attachment":[{"href":"http:\/\/www.tunisimplant.com\/en\/wp-json\/wp\/v2\/media?parent=7"}],"curies":[{"name":"wp","href":"https:\/\/api.w.org\/{rel}","templated":true}]}}