{"id":1896,"date":"2021-01-03T14:25:50","date_gmt":"2021-01-03T14:25:50","guid":{"rendered":"http:\/\/www.tunisimplant.com?page_id=1896"},"modified":"2021-01-03T15:06:04","modified_gmt":"2021-01-03T15:06:04","slug":"les-aligneurs","status":"publish","type":"page","link":"http:\/\/www.tunisimplant.com\/en\/les-aligneurs\/","title":{"rendered":"Aligners"},"content":{"rendered":"<div data-elementor-type=\"wp-page\" data-elementor-id=\"1896\" class=\"elementor elementor-1896\">\n\t\t\t\t\t\t\t\t\t<section class=\"elementor-section elementor-top-section elementor-element elementor-element-258feeb elementor-section-content-bottom elementor-section-boxed elementor-section-height-default elementor-section-height-default\" data-id=\"258feeb\" data-element_type=\"section\" data-settings=\"{&quot;background_background&quot;:&quot;classic&quot;}\">\n\t\t\t\t\t\t\t<div class=\"elementor-background-overlay\"><\/div>\n\t\t\t\t\t\t\t<div class=\"elementor-container elementor-column-gap-no\">\n\t\t\t\t\t<div class=\"elementor-column elementor-col-100 elementor-top-column elementor-element elementor-element-bfbb726\" data-id=\"bfbb726\" data-element_type=\"column\">\n\t\t\t<div class=\"elementor-widget-wrap elementor-element-populated\">\n\t\t\t\t\t\t\t\t<div class=\"elementor-element elementor-element-787c3bc elementor-widget elementor-widget-spacer\" data-id=\"787c3bc\" data-element_type=\"widget\" data-widget_type=\"spacer.default\">\n\t\t\t\t<div class=\"elementor-widget-container\">\n\t\t\t\t\t<div class=\"elementor-spacer\">\n\t\t\t<div class=\"elementor-spacer-inner\"><\/div>\n\t\t<\/div>\n\t\t\t\t<\/div>\n\t\t\t\t<\/div>\n\t\t\t\t<div class=\"elementor-element elementor-element-d702ac2 elementor-widget elementor-widget-heading\" data-id=\"d702ac2\" data-element_type=\"widget\" data-widget_type=\"heading.default\">\n\t\t\t\t<div class=\"elementor-widget-container\">\n\t\t\t<h2 class=\"elementor-heading-title elementor-size-default\">Aligners<\/h2>\t\t<\/div>\n\t\t\t\t<\/div>\n\t\t\t\t\t<\/div>\n\t\t<\/div>\n\t\t\t\t\t\t\t<\/div>\n\t\t<\/section>\n\t\t\t\t<section class=\"elementor-section elementor-top-section elementor-element elementor-element-581c4e1 elementor-section-boxed elementor-section-height-default elementor-section-height-default\" data-id=\"581c4e1\" data-element_type=\"section\">\n\t\t\t\t\t\t<div class=\"elementor-container elementor-column-gap-default\">\n\t\t\t\t\t<div class=\"elementor-column elementor-col-100 elementor-top-column elementor-element elementor-element-e5e10a7\" data-id=\"e5e10a7\" data-element_type=\"column\">\n\t\t\t<div class=\"elementor-widget-wrap\">\n\t\t\t\t\t\t\t\t\t<\/div>\n\t\t<\/div>\n\t\t\t\t\t\t\t<\/div>\n\t\t<\/section>\n\t\t\t\t<section class=\"elementor-section elementor-top-section elementor-element elementor-element-2b1c881 elementor-section-boxed elementor-section-height-default elementor-section-height-default\" data-id=\"2b1c881\" data-element_type=\"section\">\n\t\t\t\t\t\t<div class=\"elementor-container elementor-column-gap-default\">\n\t\t\t\t\t<div class=\"elementor-column elementor-col-50 elementor-top-column elementor-element elementor-element-1d2bd86\" data-id=\"1d2bd86\" data-element_type=\"column\">\n\t\t\t<div class=\"elementor-widget-wrap elementor-element-populated\">\n\t\t\t\t\t\t\t\t<div class=\"elementor-element elementor-element-a8855b3 elementor-widget elementor-widget-text-editor\" data-id=\"a8855b3\" data-element_type=\"widget\" data-widget_type=\"text-editor.default\">\n\t\t\t\t<div class=\"elementor-widget-container\">\n\t\t\t\t\t\t\t<p class=\"p1\" style=\"margin: 0in; background: white; vertical-align: baseline;\"><b><span class=\"s1\"><span lang=\"FR\" style=\"color: black; border: 1pt none windowtext; padding: 0in;\">Aligners: The invisible orthodontics<\/span><\/span><span class=\"s1\"><span lang=\"FR\" style=\"mso-ascii-font-family: 'Times New Roman'; mso-ascii-theme-font: major-bidi; mso-hansi-font-family: 'Times New Roman'; mso-hansi-theme-font: major-bidi; mso-bidi-font-family: 'Times New Roman'; mso-bidi-theme-font: major-bidi; color: black; border: none windowtext 1.0pt; mso-border-alt: none windowtext 0in; padding: 0in;\">\u00a0:<\/span><\/span><\/b><u><\/u><\/p><p class=\"p1\" style=\"margin: 0in; vertical-align: baseline;\"><span class=\"s1\"><span lang=\"FR\" style=\"border: none windowtext 1.0pt; mso-border-alt: none windowtext 0in; padding: 0in;\">It is a system of transparent gutters made to measure thanks to digital technology,<span style=\"mso-spacerun: yes;\">\u00a0 <\/span>which allows digital footprints, simulations, planning and 3D designs.<u><\/u><\/span><\/span><\/p><p class=\"p1\" style=\"margin: 0in; vertical-align: baseline;\"><span class=\"s1\"><span lang=\"FR\" style=\"border: none windowtext 1.0pt; mso-border-alt: none windowtext 0in; padding: 0in;\">Through the application of gentle forces, this system allows the correction of dental malpositions.<\/span><\/span><\/p><p class=\"p1 translation-block\" style=\"margin: 0in; vertical-align: baseline;\">A 3D virtual simulation allows to visualize the different steps of the treatment, the evolution as well as the final result of the teeth.<\/p><p class=\"p1\" style=\"margin: 0in; vertical-align: baseline;\"><span class=\"s1\"><span lang=\"FR\" style=\"border: none windowtext 1.0pt; mso-border-alt: none windowtext 0in; padding: 0in;\">It is a digital technology in full expansion which allows to have a very discreet, comfortable and painless fitting.<\/span><\/span><\/p>\t\t\t\t\t\t<\/div>\n\t\t\t\t<\/div>\n\t\t\t\t\t<\/div>\n\t\t<\/div>\n\t\t\t\t<div class=\"elementor-column elementor-col-50 elementor-top-column elementor-element elementor-element-1cb4895\" data-id=\"1cb4895\" data-element_type=\"column\">\n\t\t\t<div class=\"elementor-widget-wrap elementor-element-populated\">\n\t\t\t\t\t\t\t\t<div class=\"elementor-element elementor-element-5c9d45d elementor-widget elementor-widget-image\" data-id=\"5c9d45d\" data-element_type=\"widget\" data-widget_type=\"image.default\">\n\t\t\t\t<div class=\"elementor-widget-container\">\n\t\t\t\t\t\t\t\t\t\t\t\t\t\t\t<img decoding=\"async\" loading=\"lazy\" width=\"626\" height=\"417\" src=\"http:\/\/www.tunisimplant.com\/wp-content\/uploads\/2021\/01\/aligneur-dentaire-utilise-par-medecins-dentaires-isole-bleu_47726-8335.jpg\" class=\"attachment-large size-large wp-image-1899\" alt=\"\" srcset=\"http:\/\/www.tunisimplant.com\/wp-content\/uploads\/2021\/01\/aligneur-dentaire-utilise-par-medecins-dentaires-isole-bleu_47726-8335.jpg 626w, http:\/\/www.tunisimplant.com\/wp-content\/uploads\/2021\/01\/aligneur-dentaire-utilise-par-medecins-dentaires-isole-bleu_47726-8335-300x200.jpg 300w\" sizes=\"(max-width: 626px) 100vw, 626px\" \/>\t\t\t\t\t\t\t\t\t\t\t\t\t\t\t<\/div>\n\t\t\t\t<\/div>\n\t\t\t\t\t<\/div>\n\t\t<\/div>\n\t\t\t\t\t\t\t<\/div>\n\t\t<\/section>\n\t\t\t\t\t\t\t<\/div>","protected":false},"excerpt":{"rendered":"<p>Les Aligneurs Les aligneurs\u00a0: l\u2019orthodontie invisible\u00a0: Il s\u2019agit d\u2019un syst\u00e8me de goutti\u00e8res transparentes fabriqu\u00e9 sur mesure gr\u00e2ce \u00e0 la technologie digitale\u00a0 qui permet des empreintes num\u00e9riques, simulations, planifications et des conceptions 3D. Par l\u2019application de forces douces, ce syst\u00e8me permet de corriger les malpositions dentaires. Une simulation virtuelle en 3D du cas permet de visualiser &hellip;<\/p>\n<p class=\"read-more\"> <a class=\"\" href=\"http:\/\/www.tunisimplant.com\/en\/les-aligneurs\/\"> <span class=\"screen-reader-text\">Aligners<\/span> Read More &raquo;<\/a><\/p>","protected":false},"author":1,"featured_media":0,"parent":0,"menu_order":0,"comment_status":"closed","ping_status":"closed","template":"","meta":{"_uag_custom_page_level_css":"","site-sidebar-layout":"no-sidebar","site-content-layout":"page-builder","ast-site-content-layout":"","site-content-style":"default","site-sidebar-style":"default","ast-global-header-display":"","ast-banner-title-visibility":"","ast-main-header-display":"","ast-hfb-above-header-display":"","ast-hfb-below-header-display":"","ast-hfb-mobile-header-display":"","site-post-title":"disabled","ast-breadcrumbs-content":"","ast-featured-img":"disabled","footer-sml-layout":"","theme-transparent-header-meta":"enabled","adv-header-id-meta":"","stick-header-meta":"","header-above-stick-meta":"","header-main-stick-meta":"","header-below-stick-meta":"","astra-migrate-meta-layouts":"","footnotes":""},"yoast_head":"<!-- This site is optimized with the Yoast SEO plugin v21.2 - https:\/\/yoast.com\/wordpress\/plugins\/seo\/ -->\n<title>Les Aligneurs - TunisImplant<\/title>\n<meta name=\"robots\" content=\"index, follow, max-snippet:-1, max-image-preview:large, max-video-preview:-1\" \/>\n<link rel=\"canonical\" href=\"https:\/\/www.tunisimplant.com\/en\/les-aligneurs\/\" \/>\n<meta property=\"og:locale\" content=\"en_US\" \/>\n<meta property=\"og:type\" content=\"article\" \/>\n<meta property=\"og:title\" content=\"Les Aligneurs - TunisImplant\" \/>\n<meta property=\"og:description\" content=\"Les Aligneurs Les aligneurs\u00a0: l\u2019orthodontie invisible\u00a0: Il s\u2019agit d\u2019un syst\u00e8me de goutti\u00e8res transparentes fabriqu\u00e9 sur mesure gr\u00e2ce \u00e0 la technologie digitale\u00a0 qui permet des empreintes num\u00e9riques, simulations, planifications et des conceptions 3D. Par l\u2019application de forces douces, ce syst\u00e8me permet de corriger les malpositions dentaires. Une simulation virtuelle en 3D du cas permet de visualiser &hellip; Les Aligneurs Read More &raquo;\" \/>\n<meta property=\"og:url\" content=\"https:\/\/www.tunisimplant.com\/en\/les-aligneurs\/\" \/>\n<meta property=\"og:site_name\" content=\"TunisImplant\" \/>\n<meta property=\"article:modified_time\" content=\"2021-01-03T15:06:04+00:00\" \/>\n<meta property=\"og:image\" content=\"http:\/\/www.tunisimplant.comwp-content\/uploads\/2021\/01\/aligneur-dentaire-utilise-par-medecins-dentaires-isole-bleu_47726-8335.jpg\" \/>\n<meta name=\"twitter:card\" content=\"summary_large_image\" \/>\n<meta name=\"twitter:label1\" content=\"Est. reading time\" \/>\n\t<meta name=\"twitter:data1\" content=\"1 minute\" \/>\n<script type=\"application\/ld+json\" class=\"yoast-schema-graph\">{\"@context\":\"https:\/\/schema.org\",\"@graph\":[{\"@type\":\"WebPage\",\"@id\":\"https:\/\/www.tunisimplant.com\/en\/les-aligneurs\/\",\"url\":\"https:\/\/www.tunisimplant.com\/en\/les-aligneurs\/\",\"name\":\"Les Aligneurs - TunisImplant\",\"isPartOf\":{\"@id\":\"http:\/\/www.tunisimplant.com\/#website\"},\"datePublished\":\"2021-01-03T14:25:50+00:00\",\"dateModified\":\"2021-01-03T15:06:04+00:00\",\"breadcrumb\":{\"@id\":\"https:\/\/www.tunisimplant.com\/en\/les-aligneurs\/#breadcrumb\"},\"inLanguage\":\"en-US\",\"potentialAction\":[{\"@type\":\"ReadAction\",\"target\":[\"https:\/\/www.tunisimplant.com\/en\/les-aligneurs\/\"]}]},{\"@type\":\"BreadcrumbList\",\"@id\":\"https:\/\/www.tunisimplant.com\/en\/les-aligneurs\/#breadcrumb\",\"itemListElement\":[{\"@type\":\"ListItem\",\"position\":1,\"name\":\"Home\",\"item\":\"http:\/\/www.tunisimplant.com\/\"},{\"@type\":\"ListItem\",\"position\":2,\"name\":\"Les Aligneurs\"}]},{\"@type\":\"WebSite\",\"@id\":\"http:\/\/www.tunisimplant.com\/#website\",\"url\":\"http:\/\/www.tunisimplant.com\/\",\"name\":\"TunisImplant\",\"description\":\"\",\"publisher\":{\"@id\":\"http:\/\/www.tunisimplant.com\/#organization\"},\"potentialAction\":[{\"@type\":\"SearchAction\",\"target\":{\"@type\":\"EntryPoint\",\"urlTemplate\":\"http:\/\/www.tunisimplant.com\/?s={search_term_string}\"},\"query-input\":\"required name=search_term_string\"}],\"inLanguage\":\"en-US\"},{\"@type\":\"Organization\",\"@id\":\"http:\/\/www.tunisimplant.com\/#organization\",\"name\":\"TunisImplant\",\"url\":\"http:\/\/www.tunisimplant.com\/\",\"logo\":{\"@type\":\"ImageObject\",\"inLanguage\":\"en-US\",\"@id\":\"http:\/\/www.tunisimplant.com\/#\/schema\/logo\/image\/\",\"url\":\"http:\/\/www.tunisimplant.com\/wp-content\/uploads\/2020\/02\/83445636_177188080216249_4882617580570804224_n.png\",\"contentUrl\":\"http:\/\/www.tunisimplant.com\/wp-content\/uploads\/2020\/02\/83445636_177188080216249_4882617580570804224_n.png\",\"width\":2244,\"height\":1352,\"caption\":\"TunisImplant\"},\"image\":{\"@id\":\"http:\/\/www.tunisimplant.com\/#\/schema\/logo\/image\/\"},\"sameAs\":[\"https:\/\/www.youtube.com\/channel\/UCycSCaSg5KMn7ZmmNbvPGBQ\"]}]}<\/script>\n<!-- \/ Yoast SEO plugin. -->","yoast_head_json":{"title":"Les Aligneurs - TunisImplant","robots":{"index":"index","follow":"follow","max-snippet":"max-snippet:-1","max-image-preview":"max-image-preview:large","max-video-preview":"max-video-preview:-1"},"canonical":"https:\/\/www.tunisimplant.com\/en\/les-aligneurs\/","og_locale":"en_US","og_type":"article","og_title":"Les Aligneurs - TunisImplant","og_description":"Les Aligneurs Les aligneurs\u00a0: l\u2019orthodontie invisible\u00a0: Il s\u2019agit d\u2019un syst\u00e8me de goutti\u00e8res transparentes fabriqu\u00e9 sur mesure gr\u00e2ce \u00e0 la technologie digitale\u00a0 qui permet des empreintes num\u00e9riques, simulations, planifications et des conceptions 3D. Par l\u2019application de forces douces, ce syst\u00e8me permet de corriger les malpositions dentaires. Une simulation virtuelle en 3D du cas permet de visualiser &hellip; Les Aligneurs Read More &raquo;","og_url":"https:\/\/www.tunisimplant.com\/en\/les-aligneurs\/","og_site_name":"TunisImplant","article_modified_time":"2021-01-03T15:06:04+00:00","og_image":[{"url":"http:\/\/www.tunisimplant.comwp-content\/uploads\/2021\/01\/aligneur-dentaire-utilise-par-medecins-dentaires-isole-bleu_47726-8335.jpg"}],"twitter_card":"summary_large_image","twitter_misc":{"Est. reading time":"1 minute"},"schema":{"@context":"https:\/\/schema.org","@graph":[{"@type":"WebPage","@id":"https:\/\/www.tunisimplant.com\/en\/les-aligneurs\/","url":"https:\/\/www.tunisimplant.com\/en\/les-aligneurs\/","name":"Les Aligneurs - TunisImplant","isPartOf":{"@id":"http:\/\/www.tunisimplant.com\/#website"},"datePublished":"2021-01-03T14:25:50+00:00","dateModified":"2021-01-03T15:06:04+00:00","breadcrumb":{"@id":"https:\/\/www.tunisimplant.com\/en\/les-aligneurs\/#breadcrumb"},"inLanguage":"en-US","potentialAction":[{"@type":"ReadAction","target":["https:\/\/www.tunisimplant.com\/en\/les-aligneurs\/"]}]},{"@type":"BreadcrumbList","@id":"https:\/\/www.tunisimplant.com\/en\/les-aligneurs\/#breadcrumb","itemListElement":[{"@type":"ListItem","position":1,"name":"Home","item":"http:\/\/www.tunisimplant.com\/"},{"@type":"ListItem","position":2,"name":"Les Aligneurs"}]},{"@type":"WebSite","@id":"http:\/\/www.tunisimplant.com\/#website","url":"http:\/\/www.tunisimplant.com\/","name":"TunisImplant","description":"","publisher":{"@id":"http:\/\/www.tunisimplant.com\/#organization"},"potentialAction":[{"@type":"SearchAction","target":{"@type":"EntryPoint","urlTemplate":"http:\/\/www.tunisimplant.com\/?s={search_term_string}"},"query-input":"required name=search_term_string"}],"inLanguage":"en-US"},{"@type":"Organization","@id":"http:\/\/www.tunisimplant.com\/#organization","name":"TunisImplant","url":"http:\/\/www.tunisimplant.com\/","logo":{"@type":"ImageObject","inLanguage":"en-US","@id":"http:\/\/www.tunisimplant.com\/#\/schema\/logo\/image\/","url":"http:\/\/www.tunisimplant.com\/wp-content\/uploads\/2020\/02\/83445636_177188080216249_4882617580570804224_n.png","contentUrl":"http:\/\/www.tunisimplant.com\/wp-content\/uploads\/2020\/02\/83445636_177188080216249_4882617580570804224_n.png","width":2244,"height":1352,"caption":"TunisImplant"},"image":{"@id":"http:\/\/www.tunisimplant.com\/#\/schema\/logo\/image\/"},"sameAs":["https:\/\/www.youtube.com\/channel\/UCycSCaSg5KMn7ZmmNbvPGBQ"]}]}},"uagb_featured_image_src":{"full":false,"thumbnail":false,"medium":false,"medium_large":false,"large":false,"1536x1536":false,"2048x2048":false,"trp-custom-language-flag":false},"uagb_author_info":{"display_name":"khaledbenromdhane","author_link":"http:\/\/www.tunisimplant.com\/en\/author\/khaledbenromdhane\/"},"uagb_comment_info":0,"uagb_excerpt":"Les Aligneurs Les aligneurs\u00a0: l\u2019orthodontie invisible\u00a0: Il s\u2019agit d\u2019un syst\u00e8me de goutti\u00e8res transparentes fabriqu\u00e9 sur mesure gr\u00e2ce \u00e0 la technologie digitale\u00a0 qui permet des empreintes num\u00e9riques, simulations, planifications et des conceptions 3D. Par l\u2019application de forces douces, ce syst\u00e8me permet de corriger les malpositions dentaires. Une simulation virtuelle en 3D du cas permet de visualiser&hellip;","_links":{"self":[{"href":"http:\/\/www.tunisimplant.com\/en\/wp-json\/wp\/v2\/pages\/1896"}],"collection":[{"href":"http:\/\/www.tunisimplant.com\/en\/wp-json\/wp\/v2\/pages"}],"about":[{"href":"http:\/\/www.tunisimplant.com\/en\/wp-json\/wp\/v2\/types\/page"}],"author":[{"embeddable":true,"href":"http:\/\/www.tunisimplant.com\/en\/wp-json\/wp\/v2\/users\/1"}],"replies":[{"embeddable":true,"href":"http:\/\/www.tunisimplant.com\/en\/wp-json\/wp\/v2\/comments?post=1896"}],"version-history":[{"count":7,"href":"http:\/\/www.tunisimplant.com\/en\/wp-json\/wp\/v2\/pages\/1896\/revisions"}],"predecessor-version":[{"id":1928,"href":"http:\/\/www.tunisimplant.com\/en\/wp-json\/wp\/v2\/pages\/1896\/revisions\/1928"}],"wp:attachment":[{"href":"http:\/\/www.tunisimplant.com\/en\/wp-json\/wp\/v2\/media?parent=1896"}],"curies":[{"name":"wp","href":"https:\/\/api.w.org\/{rel}","templated":true}]}}