{"id":1709,"date":"2020-02-05T20:23:33","date_gmt":"2020-02-05T20:23:33","guid":{"rendered":"http:\/\/www.tunisimplant.com?page_id=1709"},"modified":"2020-03-15T20:53:53","modified_gmt":"2020-03-15T20:53:53","slug":"laser","status":"publish","type":"page","link":"http:\/\/www.tunisimplant.com\/en\/laser\/","title":{"rendered":"Dental Laser"},"content":{"rendered":"<div data-elementor-type=\"wp-page\" data-elementor-id=\"1709\" class=\"elementor elementor-1709\">\n\t\t\t\t\t\t\t\t\t<section class=\"elementor-section elementor-top-section elementor-element elementor-element-e241cc0 elementor-section-content-bottom elementor-section-boxed elementor-section-height-default elementor-section-height-default\" data-id=\"e241cc0\" data-element_type=\"section\" data-settings=\"{&quot;background_background&quot;:&quot;classic&quot;}\">\n\t\t\t\t\t\t\t<div class=\"elementor-background-overlay\"><\/div>\n\t\t\t\t\t\t\t<div class=\"elementor-container elementor-column-gap-no\">\n\t\t\t\t\t<div class=\"elementor-column elementor-col-100 elementor-top-column elementor-element elementor-element-b4f11ef\" data-id=\"b4f11ef\" data-element_type=\"column\">\n\t\t\t<div class=\"elementor-widget-wrap elementor-element-populated\">\n\t\t\t\t\t\t\t\t<div class=\"elementor-element elementor-element-b0cf87c elementor-widget elementor-widget-spacer\" data-id=\"b0cf87c\" data-element_type=\"widget\" data-widget_type=\"spacer.default\">\n\t\t\t\t<div class=\"elementor-widget-container\">\n\t\t\t\t\t<div class=\"elementor-spacer\">\n\t\t\t<div class=\"elementor-spacer-inner\"><\/div>\n\t\t<\/div>\n\t\t\t\t<\/div>\n\t\t\t\t<\/div>\n\t\t\t\t<div class=\"elementor-element elementor-element-e57cc34 elementor-widget elementor-widget-heading\" data-id=\"e57cc34\" data-element_type=\"widget\" data-widget_type=\"heading.default\">\n\t\t\t\t<div class=\"elementor-widget-container\">\n\t\t\t<h2 class=\"elementor-heading-title elementor-size-default\">Dental Laser<\/h2>\t\t<\/div>\n\t\t\t\t<\/div>\n\t\t\t\t\t<\/div>\n\t\t<\/div>\n\t\t\t\t\t\t\t<\/div>\n\t\t<\/section>\n\t\t\t\t<section class=\"elementor-section elementor-top-section elementor-element elementor-element-0967308 elementor-section-boxed elementor-section-height-default elementor-section-height-default\" data-id=\"0967308\" data-element_type=\"section\">\n\t\t\t\t\t\t<div class=\"elementor-container elementor-column-gap-default\">\n\t\t\t\t\t<div class=\"elementor-column elementor-col-100 elementor-top-column elementor-element elementor-element-4ee6077\" data-id=\"4ee6077\" data-element_type=\"column\">\n\t\t\t<div class=\"elementor-widget-wrap elementor-element-populated\">\n\t\t\t\t\t\t\t\t<div class=\"elementor-element elementor-element-b66613c elementor-widget elementor-widget-spacer\" data-id=\"b66613c\" data-element_type=\"widget\" data-widget_type=\"spacer.default\">\n\t\t\t\t<div class=\"elementor-widget-container\">\n\t\t\t\t\t<div class=\"elementor-spacer\">\n\t\t\t<div class=\"elementor-spacer-inner\"><\/div>\n\t\t<\/div>\n\t\t\t\t<\/div>\n\t\t\t\t<\/div>\n\t\t\t\t\t<\/div>\n\t\t<\/div>\n\t\t\t\t\t\t\t<\/div>\n\t\t<\/section>\n\t\t\t\t<section class=\"elementor-section elementor-top-section elementor-element elementor-element-90f7c7c elementor-section-boxed elementor-section-height-default elementor-section-height-default\" data-id=\"90f7c7c\" data-element_type=\"section\">\n\t\t\t\t\t\t<div class=\"elementor-container elementor-column-gap-default\">\n\t\t\t\t\t<div class=\"elementor-column elementor-col-33 elementor-top-column elementor-element elementor-element-a040590\" data-id=\"a040590\" data-element_type=\"column\">\n\t\t\t<div class=\"elementor-widget-wrap\">\n\t\t\t\t\t\t\t\t\t<\/div>\n\t\t<\/div>\n\t\t\t\t<div class=\"elementor-column elementor-col-33 elementor-top-column elementor-element elementor-element-8a21fe8\" data-id=\"8a21fe8\" data-element_type=\"column\">\n\t\t\t<div class=\"elementor-widget-wrap elementor-element-populated\">\n\t\t\t\t\t\t\t\t<div class=\"elementor-element elementor-element-c363424 elementor-widget elementor-widget-image\" data-id=\"c363424\" data-element_type=\"widget\" data-widget_type=\"image.default\">\n\t\t\t\t<div class=\"elementor-widget-container\">\n\t\t\t\t\t\t\t\t\t\t\t\t\t\t\t<img decoding=\"async\" loading=\"lazy\" width=\"742\" height=\"300\" src=\"http:\/\/www.tunisimplant.com\/wp-content\/uploads\/2020\/02\/banniere-laser-dentaire.jpg\" class=\"attachment-large size-large wp-image-1713\" alt=\"\" srcset=\"http:\/\/www.tunisimplant.com\/wp-content\/uploads\/2020\/02\/banniere-laser-dentaire.jpg 742w, http:\/\/www.tunisimplant.com\/wp-content\/uploads\/2020\/02\/banniere-laser-dentaire-300x121.jpg 300w\" sizes=\"(max-width: 742px) 100vw, 742px\" \/>\t\t\t\t\t\t\t\t\t\t\t\t\t\t\t<\/div>\n\t\t\t\t<\/div>\n\t\t\t\t\t<\/div>\n\t\t<\/div>\n\t\t\t\t<div class=\"elementor-column elementor-col-33 elementor-top-column elementor-element elementor-element-681334b\" data-id=\"681334b\" data-element_type=\"column\">\n\t\t\t<div class=\"elementor-widget-wrap\">\n\t\t\t\t\t\t\t\t\t<\/div>\n\t\t<\/div>\n\t\t\t\t\t\t\t<\/div>\n\t\t<\/section>\n\t\t\t\t<section class=\"elementor-section elementor-top-section elementor-element elementor-element-d90692e elementor-section-boxed elementor-section-height-default elementor-section-height-default\" data-id=\"d90692e\" data-element_type=\"section\">\n\t\t\t\t\t\t<div class=\"elementor-container elementor-column-gap-default\">\n\t\t\t\t\t<div class=\"elementor-column elementor-col-33 elementor-top-column elementor-element elementor-element-e2643ae\" data-id=\"e2643ae\" data-element_type=\"column\">\n\t\t\t<div class=\"elementor-widget-wrap elementor-element-populated\">\n\t\t\t\t\t\t\t\t<div class=\"elementor-element elementor-element-7751349 elementor-widget elementor-widget-text-editor\" data-id=\"7751349\" data-element_type=\"widget\" data-widget_type=\"text-editor.default\">\n\t\t\t\t<div class=\"elementor-widget-container\">\n\t\t\t\t\t\t\t<p>The practice of modern dentistry has been revolutionized by digitalization and lasers.<\/p><p>The results of the use of lasers compared to traditional techniques are exceptional, they allow a multitude of treatments, ensuring a range of advantages.<\/p><p>Immediate hemostasis, faster and more aesthetic healing, reduced postoperative pain, increased comfort, better quality of care and time savings.<\/p>\t\t\t\t\t\t<\/div>\n\t\t\t\t<\/div>\n\t\t\t\t\t<\/div>\n\t\t<\/div>\n\t\t\t\t<div class=\"elementor-column elementor-col-33 elementor-top-column elementor-element elementor-element-4a48512\" data-id=\"4a48512\" data-element_type=\"column\">\n\t\t\t<div class=\"elementor-widget-wrap\">\n\t\t\t\t\t\t\t\t\t<\/div>\n\t\t<\/div>\n\t\t\t\t<div class=\"elementor-column elementor-col-33 elementor-top-column elementor-element elementor-element-4c861d1\" data-id=\"4c861d1\" data-element_type=\"column\">\n\t\t\t<div class=\"elementor-widget-wrap elementor-element-populated\">\n\t\t\t\t\t\t\t\t<div class=\"elementor-element elementor-element-08aefb0 elementor-widget elementor-widget-text-editor\" data-id=\"08aefb0\" data-element_type=\"widget\" data-widget_type=\"text-editor.default\">\n\t\t\t\t<div class=\"elementor-widget-container\">\n\t\t\t\t\t\t\t<p>The field of application in dental surgery is widening to the majority of procedures such as:<\/p>\t\t\t\t\t\t<\/div>\n\t\t\t\t<\/div>\n\t\t\t\t<div class=\"elementor-element elementor-element-97d6256 elementor-widget elementor-widget-text-editor\" data-id=\"97d6256\" data-element_type=\"widget\" data-widget_type=\"text-editor.default\">\n\t\t\t\t<div class=\"elementor-widget-container\">\n\t\t\t\t\t\t\t<ul><li><p>Gingival eviction<\/p><\/li><li><p>Implantology: Recovery and updating of healing screws<\/p><\/li><li><p>Periodontal treatments: treatment of pockets, frenectomy, gingivectomy, removal of hyperplasia.<\/p><\/li><li><p>Gingivectomy<\/p><\/li><li><p>Endodontics<\/p><\/li><li><p>Conservative dentistry: Class V caries access<\/p><\/li><li><p>Treatment of pathologies of the oral mucosa: mouth ulcers, herpes, fibroids, granulomas...<\/p><\/li><li><p>Orthodontics: canine clearance included<\/p><\/li><\/ul>\t\t\t\t\t\t<\/div>\n\t\t\t\t<\/div>\n\t\t\t\t\t<\/div>\n\t\t<\/div>\n\t\t\t\t\t\t\t<\/div>\n\t\t<\/section>\n\t\t\t\t\t\t\t<\/div>","protected":false},"excerpt":{"rendered":"<p>Laser Dentaire La pratique de\u00a0la dentisterie moderne a \u00e9t\u00e9 r\u00e9volutionn\u00e9e par la digitalisation et les lasers. Les r\u00e9sultats de l\u2019utilisation des lasers en comparaison aux techniques traditionnelles, sont exceptionnels, ils permettent une multitude de traitements, en assurant une panoplie d\u2019avantages. Une h\u00e9mostase imm\u00e9diate, une cicatrisation plus rapide et plus esth\u00e9tique, une diminution des douleurs postop\u00e9ratoires, &hellip;<\/p>\n<p class=\"read-more\"> <a class=\"\" href=\"http:\/\/www.tunisimplant.com\/en\/laser\/\"> <span class=\"screen-reader-text\">Dental Laser<\/span> Read More &raquo;<\/a><\/p>","protected":false},"author":1,"featured_media":0,"parent":0,"menu_order":0,"comment_status":"closed","ping_status":"closed","template":"","meta":{"_uag_custom_page_level_css":"","site-sidebar-layout":"no-sidebar","site-content-layout":"page-builder","ast-site-content-layout":"","site-content-style":"default","site-sidebar-style":"default","ast-global-header-display":"","ast-banner-title-visibility":"","ast-main-header-display":"","ast-hfb-above-header-display":"","ast-hfb-below-header-display":"","ast-hfb-mobile-header-display":"","site-post-title":"disabled","ast-breadcrumbs-content":"","ast-featured-img":"disabled","footer-sml-layout":"","theme-transparent-header-meta":"enabled","adv-header-id-meta":"","stick-header-meta":"","header-above-stick-meta":"","header-main-stick-meta":"","header-below-stick-meta":"","astra-migrate-meta-layouts":"","footnotes":""},"yoast_head":"<!-- This site is optimized with the Yoast SEO plugin v21.2 - https:\/\/yoast.com\/wordpress\/plugins\/seo\/ -->\n<title>Laser Dentaire - TunisImplant<\/title>\n<meta name=\"robots\" content=\"index, follow, max-snippet:-1, max-image-preview:large, max-video-preview:-1\" \/>\n<link rel=\"canonical\" href=\"http:\/\/www.tunisimplant.com\/en\/laser\/\" \/>\n<meta property=\"og:locale\" content=\"en_US\" \/>\n<meta property=\"og:type\" content=\"article\" \/>\n<meta property=\"og:title\" content=\"Laser Dentaire - TunisImplant\" \/>\n<meta property=\"og:description\" content=\"Laser Dentaire La pratique de\u00a0la dentisterie moderne a \u00e9t\u00e9 r\u00e9volutionn\u00e9e par la digitalisation et les lasers. Les r\u00e9sultats de l\u2019utilisation des lasers en comparaison aux techniques traditionnelles, sont exceptionnels, ils permettent une multitude de traitements, en assurant une panoplie d\u2019avantages. Une h\u00e9mostase imm\u00e9diate, une cicatrisation plus rapide et plus esth\u00e9tique, une diminution des douleurs postop\u00e9ratoires, &hellip; Laser Dentaire Read More &raquo;\" \/>\n<meta property=\"og:url\" content=\"http:\/\/www.tunisimplant.com\/en\/laser\/\" \/>\n<meta property=\"og:site_name\" content=\"TunisImplant\" \/>\n<meta property=\"article:modified_time\" content=\"2020-03-15T20:53:53+00:00\" \/>\n<meta property=\"og:image\" content=\"http:\/\/www.tunisimplant.comwp-content\/uploads\/2020\/02\/banniere-laser-dentaire.jpg\" \/>\n<meta name=\"twitter:card\" content=\"summary_large_image\" \/>\n<meta name=\"twitter:label1\" content=\"Est. reading time\" \/>\n\t<meta name=\"twitter:data1\" content=\"1 minute\" \/>\n<script type=\"application\/ld+json\" class=\"yoast-schema-graph\">{\"@context\":\"https:\/\/schema.org\",\"@graph\":[{\"@type\":\"WebPage\",\"@id\":\"http:\/\/www.tunisimplant.com\/laser\/\",\"url\":\"http:\/\/www.tunisimplant.com\/laser\/\",\"name\":\"Laser Dentaire - TunisImplant\",\"isPartOf\":{\"@id\":\"http:\/\/www.tunisimplant.com\/#website\"},\"datePublished\":\"2020-02-05T20:23:33+00:00\",\"dateModified\":\"2020-03-15T20:53:53+00:00\",\"breadcrumb\":{\"@id\":\"http:\/\/www.tunisimplant.com\/laser\/#breadcrumb\"},\"inLanguage\":\"en-US\",\"potentialAction\":[{\"@type\":\"ReadAction\",\"target\":[\"http:\/\/www.tunisimplant.com\/laser\/\"]}]},{\"@type\":\"BreadcrumbList\",\"@id\":\"http:\/\/www.tunisimplant.com\/laser\/#breadcrumb\",\"itemListElement\":[{\"@type\":\"ListItem\",\"position\":1,\"name\":\"Home\",\"item\":\"http:\/\/www.tunisimplant.com\/\"},{\"@type\":\"ListItem\",\"position\":2,\"name\":\"Laser Dentaire\"}]},{\"@type\":\"WebSite\",\"@id\":\"http:\/\/www.tunisimplant.com\/#website\",\"url\":\"http:\/\/www.tunisimplant.com\/\",\"name\":\"TunisImplant\",\"description\":\"\",\"publisher\":{\"@id\":\"http:\/\/www.tunisimplant.com\/#organization\"},\"potentialAction\":[{\"@type\":\"SearchAction\",\"target\":{\"@type\":\"EntryPoint\",\"urlTemplate\":\"http:\/\/www.tunisimplant.com\/?s={search_term_string}\"},\"query-input\":\"required name=search_term_string\"}],\"inLanguage\":\"en-US\"},{\"@type\":\"Organization\",\"@id\":\"http:\/\/www.tunisimplant.com\/#organization\",\"name\":\"TunisImplant\",\"url\":\"http:\/\/www.tunisimplant.com\/\",\"logo\":{\"@type\":\"ImageObject\",\"inLanguage\":\"en-US\",\"@id\":\"http:\/\/www.tunisimplant.com\/#\/schema\/logo\/image\/\",\"url\":\"http:\/\/www.tunisimplant.com\/wp-content\/uploads\/2020\/02\/83445636_177188080216249_4882617580570804224_n.png\",\"contentUrl\":\"http:\/\/www.tunisimplant.com\/wp-content\/uploads\/2020\/02\/83445636_177188080216249_4882617580570804224_n.png\",\"width\":2244,\"height\":1352,\"caption\":\"TunisImplant\"},\"image\":{\"@id\":\"http:\/\/www.tunisimplant.com\/#\/schema\/logo\/image\/\"},\"sameAs\":[\"https:\/\/www.youtube.com\/channel\/UCycSCaSg5KMn7ZmmNbvPGBQ\"]}]}<\/script>\n<!-- \/ Yoast SEO plugin. -->","yoast_head_json":{"title":"Laser Dentaire - TunisImplant","robots":{"index":"index","follow":"follow","max-snippet":"max-snippet:-1","max-image-preview":"max-image-preview:large","max-video-preview":"max-video-preview:-1"},"canonical":"http:\/\/www.tunisimplant.com\/en\/laser\/","og_locale":"en_US","og_type":"article","og_title":"Laser Dentaire - TunisImplant","og_description":"Laser Dentaire La pratique de\u00a0la dentisterie moderne a \u00e9t\u00e9 r\u00e9volutionn\u00e9e par la digitalisation et les lasers. Les r\u00e9sultats de l\u2019utilisation des lasers en comparaison aux techniques traditionnelles, sont exceptionnels, ils permettent une multitude de traitements, en assurant une panoplie d\u2019avantages. Une h\u00e9mostase imm\u00e9diate, une cicatrisation plus rapide et plus esth\u00e9tique, une diminution des douleurs postop\u00e9ratoires, &hellip; Laser Dentaire Read More &raquo;","og_url":"http:\/\/www.tunisimplant.com\/en\/laser\/","og_site_name":"TunisImplant","article_modified_time":"2020-03-15T20:53:53+00:00","og_image":[{"url":"http:\/\/www.tunisimplant.comwp-content\/uploads\/2020\/02\/banniere-laser-dentaire.jpg"}],"twitter_card":"summary_large_image","twitter_misc":{"Est. reading time":"1 minute"},"schema":{"@context":"https:\/\/schema.org","@graph":[{"@type":"WebPage","@id":"http:\/\/www.tunisimplant.com\/laser\/","url":"http:\/\/www.tunisimplant.com\/laser\/","name":"Laser Dentaire - TunisImplant","isPartOf":{"@id":"http:\/\/www.tunisimplant.com\/#website"},"datePublished":"2020-02-05T20:23:33+00:00","dateModified":"2020-03-15T20:53:53+00:00","breadcrumb":{"@id":"http:\/\/www.tunisimplant.com\/laser\/#breadcrumb"},"inLanguage":"en-US","potentialAction":[{"@type":"ReadAction","target":["http:\/\/www.tunisimplant.com\/laser\/"]}]},{"@type":"BreadcrumbList","@id":"http:\/\/www.tunisimplant.com\/laser\/#breadcrumb","itemListElement":[{"@type":"ListItem","position":1,"name":"Home","item":"http:\/\/www.tunisimplant.com\/"},{"@type":"ListItem","position":2,"name":"Laser Dentaire"}]},{"@type":"WebSite","@id":"http:\/\/www.tunisimplant.com\/#website","url":"http:\/\/www.tunisimplant.com\/","name":"TunisImplant","description":"","publisher":{"@id":"http:\/\/www.tunisimplant.com\/#organization"},"potentialAction":[{"@type":"SearchAction","target":{"@type":"EntryPoint","urlTemplate":"http:\/\/www.tunisimplant.com\/?s={search_term_string}"},"query-input":"required name=search_term_string"}],"inLanguage":"en-US"},{"@type":"Organization","@id":"http:\/\/www.tunisimplant.com\/#organization","name":"TunisImplant","url":"http:\/\/www.tunisimplant.com\/","logo":{"@type":"ImageObject","inLanguage":"en-US","@id":"http:\/\/www.tunisimplant.com\/#\/schema\/logo\/image\/","url":"http:\/\/www.tunisimplant.com\/wp-content\/uploads\/2020\/02\/83445636_177188080216249_4882617580570804224_n.png","contentUrl":"http:\/\/www.tunisimplant.com\/wp-content\/uploads\/2020\/02\/83445636_177188080216249_4882617580570804224_n.png","width":2244,"height":1352,"caption":"TunisImplant"},"image":{"@id":"http:\/\/www.tunisimplant.com\/#\/schema\/logo\/image\/"},"sameAs":["https:\/\/www.youtube.com\/channel\/UCycSCaSg5KMn7ZmmNbvPGBQ"]}]}},"uagb_featured_image_src":{"full":false,"thumbnail":false,"medium":false,"medium_large":false,"large":false,"1536x1536":false,"2048x2048":false,"trp-custom-language-flag":false},"uagb_author_info":{"display_name":"khaledbenromdhane","author_link":"http:\/\/www.tunisimplant.com\/en\/author\/khaledbenromdhane\/"},"uagb_comment_info":0,"uagb_excerpt":"Laser Dentaire La pratique de\u00a0la dentisterie moderne a \u00e9t\u00e9 r\u00e9volutionn\u00e9e par la digitalisation et les lasers. Les r\u00e9sultats de l\u2019utilisation des lasers en comparaison aux techniques traditionnelles, sont exceptionnels, ils permettent une multitude de traitements, en assurant une panoplie d\u2019avantages. Une h\u00e9mostase imm\u00e9diate, une cicatrisation plus rapide et plus esth\u00e9tique, une diminution des douleurs postop\u00e9ratoires,&hellip;","_links":{"self":[{"href":"http:\/\/www.tunisimplant.com\/en\/wp-json\/wp\/v2\/pages\/1709"}],"collection":[{"href":"http:\/\/www.tunisimplant.com\/en\/wp-json\/wp\/v2\/pages"}],"about":[{"href":"http:\/\/www.tunisimplant.com\/en\/wp-json\/wp\/v2\/types\/page"}],"author":[{"embeddable":true,"href":"http:\/\/www.tunisimplant.com\/en\/wp-json\/wp\/v2\/users\/1"}],"replies":[{"embeddable":true,"href":"http:\/\/www.tunisimplant.com\/en\/wp-json\/wp\/v2\/comments?post=1709"}],"version-history":[{"count":22,"href":"http:\/\/www.tunisimplant.com\/en\/wp-json\/wp\/v2\/pages\/1709\/revisions"}],"predecessor-version":[{"id":2038,"href":"http:\/\/www.tunisimplant.com\/en\/wp-json\/wp\/v2\/pages\/1709\/revisions\/2038"}],"wp:attachment":[{"href":"http:\/\/www.tunisimplant.com\/en\/wp-json\/wp\/v2\/media?parent=1709"}],"curies":[{"name":"wp","href":"https:\/\/api.w.org\/{rel}","templated":true}]}}