{"id":1160,"date":"2019-10-15T17:20:24","date_gmt":"2019-10-15T17:20:24","guid":{"rendered":"http:\/\/www.tunisimplant.com?page_id=1160"},"modified":"2021-01-03T14:32:29","modified_gmt":"2021-01-03T14:32:29","slug":"blanchiment","status":"publish","type":"page","link":"http:\/\/www.tunisimplant.com\/en\/blanchiment\/","title":{"rendered":"Tooth Whitening"},"content":{"rendered":"<div data-elementor-type=\"wp-page\" data-elementor-id=\"1160\" class=\"elementor elementor-1160\">\n\t\t\t\t\t\t\t\t\t<section class=\"elementor-section elementor-top-section elementor-element elementor-element-09ce843 elementor-section-content-bottom elementor-section-boxed elementor-section-height-default elementor-section-height-default\" data-id=\"09ce843\" data-element_type=\"section\" data-settings=\"{&quot;background_background&quot;:&quot;classic&quot;}\">\n\t\t\t\t\t\t\t<div class=\"elementor-background-overlay\"><\/div>\n\t\t\t\t\t\t\t<div class=\"elementor-container elementor-column-gap-no\">\n\t\t\t\t\t<div class=\"elementor-column elementor-col-100 elementor-top-column elementor-element elementor-element-3836dfb\" data-id=\"3836dfb\" data-element_type=\"column\">\n\t\t\t<div class=\"elementor-widget-wrap elementor-element-populated\">\n\t\t\t\t\t\t\t\t<div class=\"elementor-element elementor-element-eccb35b elementor-widget elementor-widget-spacer\" data-id=\"eccb35b\" data-element_type=\"widget\" data-widget_type=\"spacer.default\">\n\t\t\t\t<div class=\"elementor-widget-container\">\n\t\t\t\t\t<div class=\"elementor-spacer\">\n\t\t\t<div class=\"elementor-spacer-inner\"><\/div>\n\t\t<\/div>\n\t\t\t\t<\/div>\n\t\t\t\t<\/div>\n\t\t\t\t<div class=\"elementor-element elementor-element-c9723a4 elementor-widget elementor-widget-heading\" data-id=\"c9723a4\" data-element_type=\"widget\" data-widget_type=\"heading.default\">\n\t\t\t\t<div class=\"elementor-widget-container\">\n\t\t\t<h2 class=\"elementor-heading-title elementor-size-default\">Tooth Whitening<\/h2>\t\t<\/div>\n\t\t\t\t<\/div>\n\t\t\t\t\t<\/div>\n\t\t<\/div>\n\t\t\t\t\t\t\t<\/div>\n\t\t<\/section>\n\t\t\t\t<section class=\"elementor-section elementor-top-section elementor-element elementor-element-5d3119b elementor-section-boxed elementor-section-height-default elementor-section-height-default\" data-id=\"5d3119b\" data-element_type=\"section\">\n\t\t\t\t\t\t<div class=\"elementor-container elementor-column-gap-default\">\n\t\t\t\t\t<div class=\"elementor-column elementor-col-100 elementor-top-column elementor-element elementor-element-b4a30c9\" data-id=\"b4a30c9\" data-element_type=\"column\">\n\t\t\t<div class=\"elementor-widget-wrap\">\n\t\t\t\t\t\t\t\t\t<\/div>\n\t\t<\/div>\n\t\t\t\t\t\t\t<\/div>\n\t\t<\/section>\n\t\t\t\t<section class=\"elementor-section elementor-top-section elementor-element elementor-element-18bd02c elementor-section-boxed elementor-section-height-default elementor-section-height-default\" data-id=\"18bd02c\" data-element_type=\"section\">\n\t\t\t\t\t\t<div class=\"elementor-container elementor-column-gap-default\">\n\t\t\t\t\t<div class=\"elementor-column elementor-col-50 elementor-top-column elementor-element elementor-element-3a75fbd\" data-id=\"3a75fbd\" data-element_type=\"column\">\n\t\t\t<div class=\"elementor-widget-wrap elementor-element-populated\">\n\t\t\t\t\t\t\t\t<div class=\"elementor-element elementor-element-f33eaba elementor-widget elementor-widget-text-editor\" data-id=\"f33eaba\" data-element_type=\"widget\" data-widget_type=\"text-editor.default\">\n\t\t\t\t<div class=\"elementor-widget-container\">\n\t\t\t\t\t\t\t<p>Dental whitening, commonly referred to as bleaching, is a process that lightens the shade of the teeth.<\/p><p>The principle of bleaching is to use a whitening agent that passes through the enamel and discolors the underlying dentine layer.<\/p><p>There are several methods of bleaching : (ambulatory, chair or micro abrasion) that can correct these abnormal and troublesome discolorations.<\/p><p>The therapeutic arsenal of smile aesthetics, of which bleaching is a part, can be combined with other techniques to perfect the aesthetic result.<\/p>\t\t\t\t\t\t<\/div>\n\t\t\t\t<\/div>\n\t\t\t\t\t<\/div>\n\t\t<\/div>\n\t\t\t\t<div class=\"elementor-column elementor-col-50 elementor-top-column elementor-element elementor-element-beb1cd1\" data-id=\"beb1cd1\" data-element_type=\"column\">\n\t\t\t<div class=\"elementor-widget-wrap elementor-element-populated\">\n\t\t\t\t\t\t\t\t<div class=\"elementor-element elementor-element-4309ebc elementor-widget elementor-widget-image\" data-id=\"4309ebc\" data-element_type=\"widget\" data-widget_type=\"image.default\">\n\t\t\t\t<div class=\"elementor-widget-container\">\n\t\t\t\t\t\t\t\t\t\t\t\t\t\t\t<img decoding=\"async\" loading=\"lazy\" width=\"800\" height=\"533\" src=\"http:\/\/www.tunisimplant.com\/wp-content\/uploads\/2020\/02\/blanchiment.jpg\" class=\"attachment-large size-large wp-image-1617\" alt=\"\" srcset=\"http:\/\/www.tunisimplant.com\/wp-content\/uploads\/2020\/02\/blanchiment.jpg 800w, http:\/\/www.tunisimplant.com\/wp-content\/uploads\/2020\/02\/blanchiment-300x200.jpg 300w, http:\/\/www.tunisimplant.com\/wp-content\/uploads\/2020\/02\/blanchiment-768x512.jpg 768w\" sizes=\"(max-width: 800px) 100vw, 800px\" \/>\t\t\t\t\t\t\t\t\t\t\t\t\t\t\t<\/div>\n\t\t\t\t<\/div>\n\t\t\t\t\t<\/div>\n\t\t<\/div>\n\t\t\t\t\t\t\t<\/div>\n\t\t<\/section>\n\t\t\t\t\t\t\t<\/div>","protected":false},"excerpt":{"rendered":"<p>Blanchiment Dentaire L\u2019\u00e9claircissement dentaire couramment appel\u00e9 blanchiment est un processus qui permet d&rsquo;\u00e9claircir la teinte des dents. Le principe du blanchiment est d\u2019utiliser un agent \u00e9claircisseur qui traverse l&rsquo;\u00e9mail et d\u00e9colore la couche dentinaire sous-jacente. Il existe plusieurs m\u00e9thodes de blanchiment\u00a0: (ambulatoire, fauteuil ou microabrasion) qui permettent de corriger ces colorations\u00a0 anormales et g\u00eanantes. L\u2019arsenal &hellip;<\/p>\n<p class=\"read-more\"> <a class=\"\" href=\"http:\/\/www.tunisimplant.com\/en\/blanchiment\/\"> <span class=\"screen-reader-text\">Tooth Whitening<\/span> Read More &raquo;<\/a><\/p>","protected":false},"author":1,"featured_media":0,"parent":0,"menu_order":0,"comment_status":"closed","ping_status":"closed","template":"","meta":{"_uag_custom_page_level_css":"","site-sidebar-layout":"no-sidebar","site-content-layout":"page-builder","ast-site-content-layout":"","site-content-style":"default","site-sidebar-style":"default","ast-global-header-display":"","ast-banner-title-visibility":"","ast-main-header-display":"","ast-hfb-above-header-display":"","ast-hfb-below-header-display":"","ast-hfb-mobile-header-display":"","site-post-title":"disabled","ast-breadcrumbs-content":"","ast-featured-img":"disabled","footer-sml-layout":"","theme-transparent-header-meta":"enabled","adv-header-id-meta":"","stick-header-meta":"","header-above-stick-meta":"","header-main-stick-meta":"","header-below-stick-meta":"","astra-migrate-meta-layouts":"","footnotes":""},"yoast_head":"<!-- This site is optimized with the Yoast SEO plugin v21.2 - https:\/\/yoast.com\/wordpress\/plugins\/seo\/ -->\n<title>Blanchiment Dentaire - TunisImplant<\/title>\n<meta name=\"robots\" content=\"index, follow, max-snippet:-1, max-image-preview:large, max-video-preview:-1\" \/>\n<link rel=\"canonical\" href=\"http:\/\/www.tunisimplant.com\/en\/blanchiment\/\" \/>\n<meta property=\"og:locale\" content=\"en_US\" \/>\n<meta property=\"og:type\" content=\"article\" \/>\n<meta property=\"og:title\" content=\"Blanchiment Dentaire - TunisImplant\" \/>\n<meta property=\"og:description\" content=\"Blanchiment Dentaire L\u2019\u00e9claircissement dentaire couramment appel\u00e9 blanchiment est un processus qui permet d&rsquo;\u00e9claircir la teinte des dents. Le principe du blanchiment est d\u2019utiliser un agent \u00e9claircisseur qui traverse l&rsquo;\u00e9mail et d\u00e9colore la couche dentinaire sous-jacente. Il existe plusieurs m\u00e9thodes de blanchiment\u00a0: (ambulatoire, fauteuil ou microabrasion) qui permettent de corriger ces colorations\u00a0 anormales et g\u00eanantes. L\u2019arsenal &hellip; Blanchiment Dentaire Read More &raquo;\" \/>\n<meta property=\"og:url\" content=\"http:\/\/www.tunisimplant.com\/en\/blanchiment\/\" \/>\n<meta property=\"og:site_name\" content=\"TunisImplant\" \/>\n<meta property=\"article:modified_time\" content=\"2021-01-03T14:32:29+00:00\" \/>\n<meta property=\"og:image\" content=\"http:\/\/www.tunisimplant.comwp-content\/uploads\/2020\/02\/blanchiment.jpg\" \/>\n<meta name=\"twitter:card\" content=\"summary_large_image\" \/>\n<script type=\"application\/ld+json\" class=\"yoast-schema-graph\">{\"@context\":\"https:\/\/schema.org\",\"@graph\":[{\"@type\":\"WebPage\",\"@id\":\"http:\/\/www.tunisimplant.com\/blanchiment\/\",\"url\":\"http:\/\/www.tunisimplant.com\/blanchiment\/\",\"name\":\"Blanchiment Dentaire - TunisImplant\",\"isPartOf\":{\"@id\":\"http:\/\/www.tunisimplant.com\/#website\"},\"datePublished\":\"2019-10-15T17:20:24+00:00\",\"dateModified\":\"2021-01-03T14:32:29+00:00\",\"breadcrumb\":{\"@id\":\"http:\/\/www.tunisimplant.com\/blanchiment\/#breadcrumb\"},\"inLanguage\":\"en-US\",\"potentialAction\":[{\"@type\":\"ReadAction\",\"target\":[\"http:\/\/www.tunisimplant.com\/blanchiment\/\"]}]},{\"@type\":\"BreadcrumbList\",\"@id\":\"http:\/\/www.tunisimplant.com\/blanchiment\/#breadcrumb\",\"itemListElement\":[{\"@type\":\"ListItem\",\"position\":1,\"name\":\"Home\",\"item\":\"http:\/\/www.tunisimplant.com\/\"},{\"@type\":\"ListItem\",\"position\":2,\"name\":\"Blanchiment Dentaire\"}]},{\"@type\":\"WebSite\",\"@id\":\"http:\/\/www.tunisimplant.com\/#website\",\"url\":\"http:\/\/www.tunisimplant.com\/\",\"name\":\"TunisImplant\",\"description\":\"\",\"publisher\":{\"@id\":\"http:\/\/www.tunisimplant.com\/#organization\"},\"potentialAction\":[{\"@type\":\"SearchAction\",\"target\":{\"@type\":\"EntryPoint\",\"urlTemplate\":\"http:\/\/www.tunisimplant.com\/?s={search_term_string}\"},\"query-input\":\"required name=search_term_string\"}],\"inLanguage\":\"en-US\"},{\"@type\":\"Organization\",\"@id\":\"http:\/\/www.tunisimplant.com\/#organization\",\"name\":\"TunisImplant\",\"url\":\"http:\/\/www.tunisimplant.com\/\",\"logo\":{\"@type\":\"ImageObject\",\"inLanguage\":\"en-US\",\"@id\":\"http:\/\/www.tunisimplant.com\/#\/schema\/logo\/image\/\",\"url\":\"http:\/\/www.tunisimplant.com\/wp-content\/uploads\/2020\/02\/83445636_177188080216249_4882617580570804224_n.png\",\"contentUrl\":\"http:\/\/www.tunisimplant.com\/wp-content\/uploads\/2020\/02\/83445636_177188080216249_4882617580570804224_n.png\",\"width\":2244,\"height\":1352,\"caption\":\"TunisImplant\"},\"image\":{\"@id\":\"http:\/\/www.tunisimplant.com\/#\/schema\/logo\/image\/\"},\"sameAs\":[\"https:\/\/www.youtube.com\/channel\/UCycSCaSg5KMn7ZmmNbvPGBQ\"]}]}<\/script>\n<!-- \/ Yoast SEO plugin. -->","yoast_head_json":{"title":"Blanchiment Dentaire - TunisImplant","robots":{"index":"index","follow":"follow","max-snippet":"max-snippet:-1","max-image-preview":"max-image-preview:large","max-video-preview":"max-video-preview:-1"},"canonical":"http:\/\/www.tunisimplant.com\/en\/blanchiment\/","og_locale":"en_US","og_type":"article","og_title":"Blanchiment Dentaire - TunisImplant","og_description":"Blanchiment Dentaire L\u2019\u00e9claircissement dentaire couramment appel\u00e9 blanchiment est un processus qui permet d&rsquo;\u00e9claircir la teinte des dents. Le principe du blanchiment est d\u2019utiliser un agent \u00e9claircisseur qui traverse l&rsquo;\u00e9mail et d\u00e9colore la couche dentinaire sous-jacente. Il existe plusieurs m\u00e9thodes de blanchiment\u00a0: (ambulatoire, fauteuil ou microabrasion) qui permettent de corriger ces colorations\u00a0 anormales et g\u00eanantes. L\u2019arsenal &hellip; Blanchiment Dentaire Read More &raquo;","og_url":"http:\/\/www.tunisimplant.com\/en\/blanchiment\/","og_site_name":"TunisImplant","article_modified_time":"2021-01-03T14:32:29+00:00","og_image":[{"url":"http:\/\/www.tunisimplant.comwp-content\/uploads\/2020\/02\/blanchiment.jpg"}],"twitter_card":"summary_large_image","schema":{"@context":"https:\/\/schema.org","@graph":[{"@type":"WebPage","@id":"http:\/\/www.tunisimplant.com\/blanchiment\/","url":"http:\/\/www.tunisimplant.com\/blanchiment\/","name":"Blanchiment Dentaire - TunisImplant","isPartOf":{"@id":"http:\/\/www.tunisimplant.com\/#website"},"datePublished":"2019-10-15T17:20:24+00:00","dateModified":"2021-01-03T14:32:29+00:00","breadcrumb":{"@id":"http:\/\/www.tunisimplant.com\/blanchiment\/#breadcrumb"},"inLanguage":"en-US","potentialAction":[{"@type":"ReadAction","target":["http:\/\/www.tunisimplant.com\/blanchiment\/"]}]},{"@type":"BreadcrumbList","@id":"http:\/\/www.tunisimplant.com\/blanchiment\/#breadcrumb","itemListElement":[{"@type":"ListItem","position":1,"name":"Home","item":"http:\/\/www.tunisimplant.com\/"},{"@type":"ListItem","position":2,"name":"Blanchiment Dentaire"}]},{"@type":"WebSite","@id":"http:\/\/www.tunisimplant.com\/#website","url":"http:\/\/www.tunisimplant.com\/","name":"TunisImplant","description":"","publisher":{"@id":"http:\/\/www.tunisimplant.com\/#organization"},"potentialAction":[{"@type":"SearchAction","target":{"@type":"EntryPoint","urlTemplate":"http:\/\/www.tunisimplant.com\/?s={search_term_string}"},"query-input":"required name=search_term_string"}],"inLanguage":"en-US"},{"@type":"Organization","@id":"http:\/\/www.tunisimplant.com\/#organization","name":"TunisImplant","url":"http:\/\/www.tunisimplant.com\/","logo":{"@type":"ImageObject","inLanguage":"en-US","@id":"http:\/\/www.tunisimplant.com\/#\/schema\/logo\/image\/","url":"http:\/\/www.tunisimplant.com\/wp-content\/uploads\/2020\/02\/83445636_177188080216249_4882617580570804224_n.png","contentUrl":"http:\/\/www.tunisimplant.com\/wp-content\/uploads\/2020\/02\/83445636_177188080216249_4882617580570804224_n.png","width":2244,"height":1352,"caption":"TunisImplant"},"image":{"@id":"http:\/\/www.tunisimplant.com\/#\/schema\/logo\/image\/"},"sameAs":["https:\/\/www.youtube.com\/channel\/UCycSCaSg5KMn7ZmmNbvPGBQ"]}]}},"uagb_featured_image_src":{"full":false,"thumbnail":false,"medium":false,"medium_large":false,"large":false,"1536x1536":false,"2048x2048":false,"trp-custom-language-flag":false},"uagb_author_info":{"display_name":"khaledbenromdhane","author_link":"http:\/\/www.tunisimplant.com\/en\/author\/khaledbenromdhane\/"},"uagb_comment_info":0,"uagb_excerpt":"Blanchiment Dentaire L\u2019\u00e9claircissement dentaire couramment appel\u00e9 blanchiment est un processus qui permet d&rsquo;\u00e9claircir la teinte des dents. Le principe du blanchiment est d\u2019utiliser un agent \u00e9claircisseur qui traverse l&rsquo;\u00e9mail et d\u00e9colore la couche dentinaire sous-jacente. Il existe plusieurs m\u00e9thodes de blanchiment\u00a0: (ambulatoire, fauteuil ou microabrasion) qui permettent de corriger ces colorations\u00a0 anormales et g\u00eanantes. L\u2019arsenal&hellip;","_links":{"self":[{"href":"http:\/\/www.tunisimplant.com\/en\/wp-json\/wp\/v2\/pages\/1160"}],"collection":[{"href":"http:\/\/www.tunisimplant.com\/en\/wp-json\/wp\/v2\/pages"}],"about":[{"href":"http:\/\/www.tunisimplant.com\/en\/wp-json\/wp\/v2\/types\/page"}],"author":[{"embeddable":true,"href":"http:\/\/www.tunisimplant.com\/en\/wp-json\/wp\/v2\/users\/1"}],"replies":[{"embeddable":true,"href":"http:\/\/www.tunisimplant.com\/en\/wp-json\/wp\/v2\/comments?post=1160"}],"version-history":[{"count":23,"href":"http:\/\/www.tunisimplant.com\/en\/wp-json\/wp\/v2\/pages\/1160\/revisions"}],"predecessor-version":[{"id":1906,"href":"http:\/\/www.tunisimplant.com\/en\/wp-json\/wp\/v2\/pages\/1160\/revisions\/1906"}],"wp:attachment":[{"href":"http:\/\/www.tunisimplant.com\/en\/wp-json\/wp\/v2\/media?parent=1160"}],"curies":[{"name":"wp","href":"https:\/\/api.w.org\/{rel}","templated":true}]}}