{"id":1158,"date":"2019-10-15T17:20:19","date_gmt":"2019-10-15T17:20:19","guid":{"rendered":"http:\/\/www.tunisimplant.com?page_id=1158"},"modified":"2020-03-15T20:54:05","modified_gmt":"2020-03-15T20:54:05","slug":"facettes","status":"publish","type":"page","link":"http:\/\/www.tunisimplant.com\/en\/facettes\/","title":{"rendered":"Dental Veneers"},"content":{"rendered":"<div data-elementor-type=\"wp-page\" data-elementor-id=\"1158\" class=\"elementor elementor-1158\">\n\t\t\t\t\t\t\t\t\t<section class=\"elementor-section elementor-top-section elementor-element elementor-element-9404af3 elementor-section-content-bottom elementor-section-boxed elementor-section-height-default elementor-section-height-default\" data-id=\"9404af3\" data-element_type=\"section\" data-settings=\"{&quot;background_background&quot;:&quot;classic&quot;}\">\n\t\t\t\t\t\t\t<div class=\"elementor-background-overlay\"><\/div>\n\t\t\t\t\t\t\t<div class=\"elementor-container elementor-column-gap-no\">\n\t\t\t\t\t<div class=\"elementor-column elementor-col-100 elementor-top-column elementor-element elementor-element-9ca11de\" data-id=\"9ca11de\" data-element_type=\"column\">\n\t\t\t<div class=\"elementor-widget-wrap elementor-element-populated\">\n\t\t\t\t\t\t\t\t<div class=\"elementor-element elementor-element-bbb0036 elementor-widget elementor-widget-spacer\" data-id=\"bbb0036\" data-element_type=\"widget\" data-widget_type=\"spacer.default\">\n\t\t\t\t<div class=\"elementor-widget-container\">\n\t\t\t\t\t<div class=\"elementor-spacer\">\n\t\t\t<div class=\"elementor-spacer-inner\"><\/div>\n\t\t<\/div>\n\t\t\t\t<\/div>\n\t\t\t\t<\/div>\n\t\t\t\t<div class=\"elementor-element elementor-element-0521dd7 elementor-widget elementor-widget-heading\" data-id=\"0521dd7\" data-element_type=\"widget\" data-widget_type=\"heading.default\">\n\t\t\t\t<div class=\"elementor-widget-container\">\n\t\t\t<h2 class=\"elementor-heading-title elementor-size-default\">Dental Veneers<\/h2>\t\t<\/div>\n\t\t\t\t<\/div>\n\t\t\t\t\t<\/div>\n\t\t<\/div>\n\t\t\t\t\t\t\t<\/div>\n\t\t<\/section>\n\t\t\t\t<section class=\"elementor-section elementor-top-section elementor-element elementor-element-5cb38ef elementor-section-boxed elementor-section-height-default elementor-section-height-default\" data-id=\"5cb38ef\" data-element_type=\"section\">\n\t\t\t\t\t\t<div class=\"elementor-container elementor-column-gap-default\">\n\t\t\t\t\t<div class=\"elementor-column elementor-col-100 elementor-top-column elementor-element elementor-element-e758d48\" data-id=\"e758d48\" data-element_type=\"column\">\n\t\t\t<div class=\"elementor-widget-wrap\">\n\t\t\t\t\t\t\t\t\t<\/div>\n\t\t<\/div>\n\t\t\t\t\t\t\t<\/div>\n\t\t<\/section>\n\t\t\t\t<section class=\"elementor-section elementor-top-section elementor-element elementor-element-049773c elementor-section-boxed elementor-section-height-default elementor-section-height-default\" data-id=\"049773c\" data-element_type=\"section\">\n\t\t\t\t\t\t<div class=\"elementor-container elementor-column-gap-default\">\n\t\t\t\t\t<div class=\"elementor-column elementor-col-50 elementor-top-column elementor-element elementor-element-a986cb5\" data-id=\"a986cb5\" data-element_type=\"column\">\n\t\t\t<div class=\"elementor-widget-wrap elementor-element-populated\">\n\t\t\t\t\t\t\t\t<div class=\"elementor-element elementor-element-f90796a elementor-widget elementor-widget-text-editor\" data-id=\"f90796a\" data-element_type=\"widget\" data-widget_type=\"text-editor.default\">\n\t\t\t\t<div class=\"elementor-widget-container\">\n\t\t\t\t\t\t\t<p>The dental veneer is a thin shell-like film covering the visible side of the tooth to change its color, shape, alignment.<\/p><p>Types of dental veneers: ceramic veneers or composite veneers.<\/p><p>Ceramic veneers are more aesthetic, natural and resistant than composites.<\/p><p>Ceramic veneers respond to patients' requests for a beautiful smile, to correct teeth with stains or discolorations, damaged teeth, small shapes or slight misalignments.<\/p>\t\t\t\t\t\t<\/div>\n\t\t\t\t<\/div>\n\t\t\t\t\t<\/div>\n\t\t<\/div>\n\t\t\t\t<div class=\"elementor-column elementor-col-50 elementor-top-column elementor-element elementor-element-3095ff2\" data-id=\"3095ff2\" data-element_type=\"column\">\n\t\t\t<div class=\"elementor-widget-wrap elementor-element-populated\">\n\t\t\t\t\t\t\t\t<div class=\"elementor-element elementor-element-e1935ca elementor-widget elementor-widget-image\" data-id=\"e1935ca\" data-element_type=\"widget\" data-widget_type=\"image.default\">\n\t\t\t\t<div class=\"elementor-widget-container\">\n\t\t\t\t\t\t\t\t\t\t\t\t\t\t\t<img decoding=\"async\" loading=\"lazy\" width=\"1024\" height=\"628\" src=\"http:\/\/www.tunisimplant.com\/wp-content\/uploads\/2020\/02\/83539323_172384587360561_3368518961644699648_n-1024x628.jpg\" class=\"attachment-large size-large wp-image-1614\" alt=\"\" srcset=\"http:\/\/www.tunisimplant.com\/wp-content\/uploads\/2020\/02\/83539323_172384587360561_3368518961644699648_n-1024x628.jpg 1024w, http:\/\/www.tunisimplant.com\/wp-content\/uploads\/2020\/02\/83539323_172384587360561_3368518961644699648_n-300x184.jpg 300w, http:\/\/www.tunisimplant.com\/wp-content\/uploads\/2020\/02\/83539323_172384587360561_3368518961644699648_n-768x471.jpg 768w, http:\/\/www.tunisimplant.com\/wp-content\/uploads\/2020\/02\/83539323_172384587360561_3368518961644699648_n.jpg 1200w\" sizes=\"(max-width: 1024px) 100vw, 1024px\" \/>\t\t\t\t\t\t\t\t\t\t\t\t\t\t\t<\/div>\n\t\t\t\t<\/div>\n\t\t\t\t<div class=\"elementor-element elementor-element-217e707 elementor-widget elementor-widget-image\" data-id=\"217e707\" data-element_type=\"widget\" data-widget_type=\"image.default\">\n\t\t\t\t<div class=\"elementor-widget-container\">\n\t\t\t\t\t\t\t\t\t\t\t\t\t\t\t<img decoding=\"async\" loading=\"lazy\" width=\"249\" height=\"202\" src=\"http:\/\/www.tunisimplant.com\/wp-content\/uploads\/2020\/02\/83118717_853880715036559_5858591844241244160_n.jpg\" class=\"attachment-large size-large wp-image-1627\" alt=\"\" \/>\t\t\t\t\t\t\t\t\t\t\t\t\t\t\t<\/div>\n\t\t\t\t<\/div>\n\t\t\t\t\t<\/div>\n\t\t<\/div>\n\t\t\t\t\t\t\t<\/div>\n\t\t<\/section>\n\t\t\t\t\t\t\t<\/div>","protected":false},"excerpt":{"rendered":"<p>Facettes Dentaire La facette \u00a0dentaire est fine pellicule en forme de coque couvrant \u00a0la face visible de la dent \u00a0afin \u00a0modifier sa couleur, forme, alignement. Les types de facettes dentaires\u00a0: des facettes en c\u00e9ramique ou des facettes en mat\u00e9riau composite. Les facettes en c\u00e9ramiques sont plus esth\u00e9tiques, naturelles et r\u00e9sistantes que les composites. Les facettes &hellip;<\/p>\n<p class=\"read-more\"> <a class=\"\" href=\"http:\/\/www.tunisimplant.com\/en\/facettes\/\"> <span class=\"screen-reader-text\">Dental Veneers<\/span> Read More &raquo;<\/a><\/p>","protected":false},"author":1,"featured_media":0,"parent":0,"menu_order":0,"comment_status":"closed","ping_status":"closed","template":"","meta":{"_uag_custom_page_level_css":"","site-sidebar-layout":"no-sidebar","site-content-layout":"page-builder","ast-site-content-layout":"","site-content-style":"default","site-sidebar-style":"default","ast-global-header-display":"","ast-banner-title-visibility":"","ast-main-header-display":"","ast-hfb-above-header-display":"","ast-hfb-below-header-display":"","ast-hfb-mobile-header-display":"","site-post-title":"disabled","ast-breadcrumbs-content":"","ast-featured-img":"disabled","footer-sml-layout":"","theme-transparent-header-meta":"enabled","adv-header-id-meta":"","stick-header-meta":"","header-above-stick-meta":"","header-main-stick-meta":"","header-below-stick-meta":"","astra-migrate-meta-layouts":"","footnotes":""},"yoast_head":"<!-- This site is optimized with the Yoast SEO plugin v21.2 - https:\/\/yoast.com\/wordpress\/plugins\/seo\/ -->\n<title>Facettes Dentaire - TunisImplant<\/title>\n<meta name=\"robots\" content=\"index, follow, max-snippet:-1, max-image-preview:large, max-video-preview:-1\" \/>\n<link rel=\"canonical\" href=\"http:\/\/www.tunisimplant.com\/en\/facettes\/\" \/>\n<meta property=\"og:locale\" content=\"en_US\" \/>\n<meta property=\"og:type\" content=\"article\" \/>\n<meta property=\"og:title\" content=\"Facettes Dentaire - TunisImplant\" \/>\n<meta property=\"og:description\" content=\"Facettes Dentaire La facette \u00a0dentaire est fine pellicule en forme de coque couvrant \u00a0la face visible de la dent \u00a0afin \u00a0modifier sa couleur, forme, alignement. Les types de facettes dentaires\u00a0: des facettes en c\u00e9ramique ou des facettes en mat\u00e9riau composite. Les facettes en c\u00e9ramiques sont plus esth\u00e9tiques, naturelles et r\u00e9sistantes que les composites. Les facettes &hellip; Facettes Dentaire Read More &raquo;\" \/>\n<meta property=\"og:url\" content=\"http:\/\/www.tunisimplant.com\/en\/facettes\/\" \/>\n<meta property=\"og:site_name\" content=\"TunisImplant\" \/>\n<meta property=\"article:modified_time\" content=\"2020-03-15T20:54:05+00:00\" \/>\n<meta property=\"og:image\" content=\"http:\/\/www.tunisimplant.comwp-content\/uploads\/2020\/02\/83539323_172384587360561_3368518961644699648_n-1024x628.jpg\" \/>\n<meta name=\"twitter:card\" content=\"summary_large_image\" \/>\n<meta name=\"twitter:label1\" content=\"Est. reading time\" \/>\n\t<meta name=\"twitter:data1\" content=\"1 minute\" \/>\n<script type=\"application\/ld+json\" class=\"yoast-schema-graph\">{\"@context\":\"https:\/\/schema.org\",\"@graph\":[{\"@type\":\"WebPage\",\"@id\":\"http:\/\/www.tunisimplant.com\/en\/facettes\/\",\"url\":\"http:\/\/www.tunisimplant.com\/en\/facettes\/\",\"name\":\"Facettes Dentaire - TunisImplant\",\"isPartOf\":{\"@id\":\"http:\/\/www.tunisimplant.com\/#website\"},\"datePublished\":\"2019-10-15T17:20:19+00:00\",\"dateModified\":\"2020-03-15T20:54:05+00:00\",\"breadcrumb\":{\"@id\":\"http:\/\/www.tunisimplant.com\/en\/facettes\/#breadcrumb\"},\"inLanguage\":\"en-US\",\"potentialAction\":[{\"@type\":\"ReadAction\",\"target\":[\"http:\/\/www.tunisimplant.com\/en\/facettes\/\"]}]},{\"@type\":\"BreadcrumbList\",\"@id\":\"http:\/\/www.tunisimplant.com\/en\/facettes\/#breadcrumb\",\"itemListElement\":[{\"@type\":\"ListItem\",\"position\":1,\"name\":\"Home\",\"item\":\"http:\/\/www.tunisimplant.com\/\"},{\"@type\":\"ListItem\",\"position\":2,\"name\":\"Facettes Dentaire\"}]},{\"@type\":\"WebSite\",\"@id\":\"http:\/\/www.tunisimplant.com\/#website\",\"url\":\"http:\/\/www.tunisimplant.com\/\",\"name\":\"TunisImplant\",\"description\":\"\",\"publisher\":{\"@id\":\"http:\/\/www.tunisimplant.com\/#organization\"},\"potentialAction\":[{\"@type\":\"SearchAction\",\"target\":{\"@type\":\"EntryPoint\",\"urlTemplate\":\"http:\/\/www.tunisimplant.com\/?s={search_term_string}\"},\"query-input\":\"required name=search_term_string\"}],\"inLanguage\":\"en-US\"},{\"@type\":\"Organization\",\"@id\":\"http:\/\/www.tunisimplant.com\/#organization\",\"name\":\"TunisImplant\",\"url\":\"http:\/\/www.tunisimplant.com\/\",\"logo\":{\"@type\":\"ImageObject\",\"inLanguage\":\"en-US\",\"@id\":\"http:\/\/www.tunisimplant.com\/#\/schema\/logo\/image\/\",\"url\":\"http:\/\/www.tunisimplant.com\/wp-content\/uploads\/2020\/02\/83445636_177188080216249_4882617580570804224_n.png\",\"contentUrl\":\"http:\/\/www.tunisimplant.com\/wp-content\/uploads\/2020\/02\/83445636_177188080216249_4882617580570804224_n.png\",\"width\":2244,\"height\":1352,\"caption\":\"TunisImplant\"},\"image\":{\"@id\":\"http:\/\/www.tunisimplant.com\/#\/schema\/logo\/image\/\"},\"sameAs\":[\"https:\/\/www.youtube.com\/channel\/UCycSCaSg5KMn7ZmmNbvPGBQ\"]}]}<\/script>\n<!-- \/ Yoast SEO plugin. -->","yoast_head_json":{"title":"Facettes Dentaire - TunisImplant","robots":{"index":"index","follow":"follow","max-snippet":"max-snippet:-1","max-image-preview":"max-image-preview:large","max-video-preview":"max-video-preview:-1"},"canonical":"http:\/\/www.tunisimplant.com\/en\/facettes\/","og_locale":"en_US","og_type":"article","og_title":"Facettes Dentaire - TunisImplant","og_description":"Facettes Dentaire La facette \u00a0dentaire est fine pellicule en forme de coque couvrant \u00a0la face visible de la dent \u00a0afin \u00a0modifier sa couleur, forme, alignement. Les types de facettes dentaires\u00a0: des facettes en c\u00e9ramique ou des facettes en mat\u00e9riau composite. Les facettes en c\u00e9ramiques sont plus esth\u00e9tiques, naturelles et r\u00e9sistantes que les composites. Les facettes &hellip; Facettes Dentaire Read More &raquo;","og_url":"http:\/\/www.tunisimplant.com\/en\/facettes\/","og_site_name":"TunisImplant","article_modified_time":"2020-03-15T20:54:05+00:00","og_image":[{"url":"http:\/\/www.tunisimplant.comwp-content\/uploads\/2020\/02\/83539323_172384587360561_3368518961644699648_n-1024x628.jpg"}],"twitter_card":"summary_large_image","twitter_misc":{"Est. reading time":"1 minute"},"schema":{"@context":"https:\/\/schema.org","@graph":[{"@type":"WebPage","@id":"http:\/\/www.tunisimplant.com\/en\/facettes\/","url":"http:\/\/www.tunisimplant.com\/en\/facettes\/","name":"Facettes Dentaire - TunisImplant","isPartOf":{"@id":"http:\/\/www.tunisimplant.com\/#website"},"datePublished":"2019-10-15T17:20:19+00:00","dateModified":"2020-03-15T20:54:05+00:00","breadcrumb":{"@id":"http:\/\/www.tunisimplant.com\/en\/facettes\/#breadcrumb"},"inLanguage":"en-US","potentialAction":[{"@type":"ReadAction","target":["http:\/\/www.tunisimplant.com\/en\/facettes\/"]}]},{"@type":"BreadcrumbList","@id":"http:\/\/www.tunisimplant.com\/en\/facettes\/#breadcrumb","itemListElement":[{"@type":"ListItem","position":1,"name":"Home","item":"http:\/\/www.tunisimplant.com\/"},{"@type":"ListItem","position":2,"name":"Facettes Dentaire"}]},{"@type":"WebSite","@id":"http:\/\/www.tunisimplant.com\/#website","url":"http:\/\/www.tunisimplant.com\/","name":"TunisImplant","description":"","publisher":{"@id":"http:\/\/www.tunisimplant.com\/#organization"},"potentialAction":[{"@type":"SearchAction","target":{"@type":"EntryPoint","urlTemplate":"http:\/\/www.tunisimplant.com\/?s={search_term_string}"},"query-input":"required name=search_term_string"}],"inLanguage":"en-US"},{"@type":"Organization","@id":"http:\/\/www.tunisimplant.com\/#organization","name":"TunisImplant","url":"http:\/\/www.tunisimplant.com\/","logo":{"@type":"ImageObject","inLanguage":"en-US","@id":"http:\/\/www.tunisimplant.com\/#\/schema\/logo\/image\/","url":"http:\/\/www.tunisimplant.com\/wp-content\/uploads\/2020\/02\/83445636_177188080216249_4882617580570804224_n.png","contentUrl":"http:\/\/www.tunisimplant.com\/wp-content\/uploads\/2020\/02\/83445636_177188080216249_4882617580570804224_n.png","width":2244,"height":1352,"caption":"TunisImplant"},"image":{"@id":"http:\/\/www.tunisimplant.com\/#\/schema\/logo\/image\/"},"sameAs":["https:\/\/www.youtube.com\/channel\/UCycSCaSg5KMn7ZmmNbvPGBQ"]}]}},"uagb_featured_image_src":{"full":false,"thumbnail":false,"medium":false,"medium_large":false,"large":false,"1536x1536":false,"2048x2048":false,"trp-custom-language-flag":false},"uagb_author_info":{"display_name":"khaledbenromdhane","author_link":"http:\/\/www.tunisimplant.com\/en\/author\/khaledbenromdhane\/"},"uagb_comment_info":0,"uagb_excerpt":"Facettes Dentaire La facette \u00a0dentaire est fine pellicule en forme de coque couvrant \u00a0la face visible de la dent \u00a0afin \u00a0modifier sa couleur, forme, alignement. Les types de facettes dentaires\u00a0: des facettes en c\u00e9ramique ou des facettes en mat\u00e9riau composite. Les facettes en c\u00e9ramiques sont plus esth\u00e9tiques, naturelles et r\u00e9sistantes que les composites. Les facettes&hellip;","_links":{"self":[{"href":"http:\/\/www.tunisimplant.com\/en\/wp-json\/wp\/v2\/pages\/1158"}],"collection":[{"href":"http:\/\/www.tunisimplant.com\/en\/wp-json\/wp\/v2\/pages"}],"about":[{"href":"http:\/\/www.tunisimplant.com\/en\/wp-json\/wp\/v2\/types\/page"}],"author":[{"embeddable":true,"href":"http:\/\/www.tunisimplant.com\/en\/wp-json\/wp\/v2\/users\/1"}],"replies":[{"embeddable":true,"href":"http:\/\/www.tunisimplant.com\/en\/wp-json\/wp\/v2\/comments?post=1158"}],"version-history":[{"count":16,"href":"http:\/\/www.tunisimplant.com\/en\/wp-json\/wp\/v2\/pages\/1158\/revisions"}],"predecessor-version":[{"id":1867,"href":"http:\/\/www.tunisimplant.com\/en\/wp-json\/wp\/v2\/pages\/1158\/revisions\/1867"}],"wp:attachment":[{"href":"http:\/\/www.tunisimplant.com\/en\/wp-json\/wp\/v2\/media?parent=1158"}],"curies":[{"name":"wp","href":"https:\/\/api.w.org\/{rel}","templated":true}]}}