{"id":1156,"date":"2019-10-15T17:20:14","date_gmt":"2019-10-15T17:20:14","guid":{"rendered":"http:\/\/www.tunisimplant.com?page_id=1156"},"modified":"2020-03-15T20:53:58","modified_gmt":"2020-03-15T20:53:58","slug":"protheses","status":"publish","type":"page","link":"http:\/\/www.tunisimplant.com\/en\/protheses\/","title":{"rendered":"Dental Prostheses"},"content":{"rendered":"<div data-elementor-type=\"wp-page\" data-elementor-id=\"1156\" class=\"elementor elementor-1156\">\n\t\t\t\t\t\t\t\t\t<section class=\"elementor-section elementor-top-section elementor-element elementor-element-192ec9a elementor-section-content-bottom elementor-section-boxed elementor-section-height-default elementor-section-height-default\" data-id=\"192ec9a\" data-element_type=\"section\" data-settings=\"{&quot;background_background&quot;:&quot;classic&quot;}\">\n\t\t\t\t\t\t\t<div class=\"elementor-background-overlay\"><\/div>\n\t\t\t\t\t\t\t<div class=\"elementor-container elementor-column-gap-no\">\n\t\t\t\t\t<div class=\"elementor-column elementor-col-100 elementor-top-column elementor-element elementor-element-ec8207c\" data-id=\"ec8207c\" data-element_type=\"column\">\n\t\t\t<div class=\"elementor-widget-wrap elementor-element-populated\">\n\t\t\t\t\t\t\t\t<div class=\"elementor-element elementor-element-71d41d0 elementor-widget elementor-widget-spacer\" data-id=\"71d41d0\" data-element_type=\"widget\" data-widget_type=\"spacer.default\">\n\t\t\t\t<div class=\"elementor-widget-container\">\n\t\t\t\t\t<div class=\"elementor-spacer\">\n\t\t\t<div class=\"elementor-spacer-inner\"><\/div>\n\t\t<\/div>\n\t\t\t\t<\/div>\n\t\t\t\t<\/div>\n\t\t\t\t<div class=\"elementor-element elementor-element-785d663 elementor-widget elementor-widget-heading\" data-id=\"785d663\" data-element_type=\"widget\" data-widget_type=\"heading.default\">\n\t\t\t\t<div class=\"elementor-widget-container\">\n\t\t\t<h2 class=\"elementor-heading-title elementor-size-default\">Dental Prostheses<\/h2>\t\t<\/div>\n\t\t\t\t<\/div>\n\t\t\t\t\t<\/div>\n\t\t<\/div>\n\t\t\t\t\t\t\t<\/div>\n\t\t<\/section>\n\t\t\t\t<section class=\"elementor-section elementor-top-section elementor-element elementor-element-6aac1bb elementor-section-boxed elementor-section-height-default elementor-section-height-default\" data-id=\"6aac1bb\" data-element_type=\"section\">\n\t\t\t\t\t\t<div class=\"elementor-container elementor-column-gap-default\">\n\t\t\t\t\t<div class=\"elementor-column elementor-col-100 elementor-top-column elementor-element elementor-element-16dfe00\" data-id=\"16dfe00\" data-element_type=\"column\">\n\t\t\t<div class=\"elementor-widget-wrap\">\n\t\t\t\t\t\t\t\t\t<\/div>\n\t\t<\/div>\n\t\t\t\t\t\t\t<\/div>\n\t\t<\/section>\n\t\t\t\t<section class=\"elementor-section elementor-top-section elementor-element elementor-element-c49c1a9 elementor-section-boxed elementor-section-height-default elementor-section-height-default\" data-id=\"c49c1a9\" data-element_type=\"section\">\n\t\t\t\t\t\t<div class=\"elementor-container elementor-column-gap-default\">\n\t\t\t\t\t<div class=\"elementor-column elementor-col-50 elementor-top-column elementor-element elementor-element-dcc4990\" data-id=\"dcc4990\" data-element_type=\"column\">\n\t\t\t<div class=\"elementor-widget-wrap elementor-element-populated\">\n\t\t\t\t\t\t\t\t<div class=\"elementor-element elementor-element-bb836f4 elementor-widget elementor-widget-text-editor\" data-id=\"bb836f4\" data-element_type=\"widget\" data-widget_type=\"text-editor.default\">\n\t\t\t\t<div class=\"elementor-widget-container\">\n\t\t\t\t\t\t\t<p>The replacement of missing teeth is done by dental prostheses, which are devices of substitution by a set of artificial teeth that are fixed on the remaining teeth or on implants, in order to re-form a complete dental arch.<\/p><p>Dentures are classified according to several criteria:<\/p><ul><li>Either removable prostheses (on teeth, on mucous membranes, on implants) or fixed (sealed, glued, screwed).<\/li><li>Either by the manufacturing materials: (resins, metal alloys, gold alloys, titanium alloys, ceramics ...)<\/li><li>Dentures on fixed natural teeth (crowns, bridges, veneers, ceramic inlays, onlays and overlays), and removable (partial or total).<\/li><li>Fixed supra-implant dentures (supra-implant crowns and bridges), and removable dentures attached to implants.<\/li><\/ul>\t\t\t\t\t\t<\/div>\n\t\t\t\t<\/div>\n\t\t\t\t\t<\/div>\n\t\t<\/div>\n\t\t\t\t<div class=\"elementor-column elementor-col-50 elementor-top-column elementor-element elementor-element-0e9d0f1\" data-id=\"0e9d0f1\" data-element_type=\"column\">\n\t\t\t<div class=\"elementor-widget-wrap elementor-element-populated\">\n\t\t\t\t\t\t\t\t<div class=\"elementor-element elementor-element-f5d2030 elementor-widget elementor-widget-image\" data-id=\"f5d2030\" data-element_type=\"widget\" data-widget_type=\"image.default\">\n\t\t\t\t<div class=\"elementor-widget-container\">\n\t\t\t\t\t\t\t\t\t\t\t\t\t\t\t<img decoding=\"async\" loading=\"lazy\" width=\"862\" height=\"862\" src=\"http:\/\/www.tunisimplant.com\/wp-content\/uploads\/2020\/02\/proth\u00e8se.jpg\" class=\"attachment-large size-large wp-image-1613\" alt=\"\" srcset=\"http:\/\/www.tunisimplant.com\/wp-content\/uploads\/2020\/02\/proth\u00e8se.jpg 862w, http:\/\/www.tunisimplant.com\/wp-content\/uploads\/2020\/02\/proth\u00e8se-300x300.jpg 300w, http:\/\/www.tunisimplant.com\/wp-content\/uploads\/2020\/02\/proth\u00e8se-150x150.jpg 150w, http:\/\/www.tunisimplant.com\/wp-content\/uploads\/2020\/02\/proth\u00e8se-768x768.jpg 768w\" sizes=\"(max-width: 862px) 100vw, 862px\" \/>\t\t\t\t\t\t\t\t\t\t\t\t\t\t\t<\/div>\n\t\t\t\t<\/div>\n\t\t\t\t\t<\/div>\n\t\t<\/div>\n\t\t\t\t\t\t\t<\/div>\n\t\t<\/section>\n\t\t\t\t\t\t\t<\/div>","protected":false},"excerpt":{"rendered":"<p>Protheses Dentaire Le remplacement des\u00a0dents\u00a0absentes, se fait par les proth\u00e8ses dentaires, c\u2019est des\u00a0 dispositifs de substitutions\u00a0par un ensemble de\u00a0dents\u00a0artificielles que l&rsquo;on fixe sur les dents qui restent ou sur des implants, dans le but de reformer une arcade dentaire compl\u00e8te. On classifie les proth\u00e8ses dentaires selon plusieurs crit\u00e8res\u00a0: Soit des proth\u00e8ses amovibles (sur dents, sur &hellip;<\/p>\n<p class=\"read-more\"> <a class=\"\" href=\"http:\/\/www.tunisimplant.com\/en\/protheses\/\"> <span class=\"screen-reader-text\">Dental Prostheses<\/span> Read More &raquo;<\/a><\/p>","protected":false},"author":1,"featured_media":0,"parent":0,"menu_order":0,"comment_status":"closed","ping_status":"closed","template":"","meta":{"_uag_custom_page_level_css":"","site-sidebar-layout":"no-sidebar","site-content-layout":"page-builder","ast-site-content-layout":"","site-content-style":"default","site-sidebar-style":"default","ast-global-header-display":"","ast-banner-title-visibility":"","ast-main-header-display":"","ast-hfb-above-header-display":"","ast-hfb-below-header-display":"","ast-hfb-mobile-header-display":"","site-post-title":"disabled","ast-breadcrumbs-content":"","ast-featured-img":"disabled","footer-sml-layout":"","theme-transparent-header-meta":"enabled","adv-header-id-meta":"","stick-header-meta":"","header-above-stick-meta":"","header-main-stick-meta":"","header-below-stick-meta":"","astra-migrate-meta-layouts":"","footnotes":""},"yoast_head":"<!-- This site is optimized with the Yoast SEO plugin v21.2 - https:\/\/yoast.com\/wordpress\/plugins\/seo\/ -->\n<title>Proth\u00e8ses Dentaire - TunisImplant<\/title>\n<meta name=\"robots\" content=\"index, follow, max-snippet:-1, max-image-preview:large, max-video-preview:-1\" \/>\n<link rel=\"canonical\" href=\"http:\/\/www.tunisimplant.com\/en\/protheses\/\" \/>\n<meta property=\"og:locale\" content=\"en_US\" \/>\n<meta property=\"og:type\" content=\"article\" \/>\n<meta property=\"og:title\" content=\"Proth\u00e8ses Dentaire - TunisImplant\" \/>\n<meta property=\"og:description\" content=\"Protheses Dentaire Le remplacement des\u00a0dents\u00a0absentes, se fait par les proth\u00e8ses dentaires, c\u2019est des\u00a0 dispositifs de substitutions\u00a0par un ensemble de\u00a0dents\u00a0artificielles que l&rsquo;on fixe sur les dents qui restent ou sur des implants, dans le but de reformer une arcade dentaire compl\u00e8te. On classifie les proth\u00e8ses dentaires selon plusieurs crit\u00e8res\u00a0: Soit des proth\u00e8ses amovibles (sur dents, sur &hellip; Proth\u00e8ses Dentaire Read More &raquo;\" \/>\n<meta property=\"og:url\" content=\"http:\/\/www.tunisimplant.com\/en\/protheses\/\" \/>\n<meta property=\"og:site_name\" content=\"TunisImplant\" \/>\n<meta property=\"article:modified_time\" content=\"2020-03-15T20:53:58+00:00\" \/>\n<meta name=\"twitter:card\" content=\"summary_large_image\" \/>\n<meta name=\"twitter:label1\" content=\"Est. reading time\" \/>\n\t<meta name=\"twitter:data1\" content=\"1 minute\" \/>\n<script type=\"application\/ld+json\" class=\"yoast-schema-graph\">{\"@context\":\"https:\/\/schema.org\",\"@graph\":[{\"@type\":\"WebPage\",\"@id\":\"http:\/\/www.tunisimplant.com\/protheses\/\",\"url\":\"http:\/\/www.tunisimplant.com\/protheses\/\",\"name\":\"Proth\u00e8ses Dentaire - TunisImplant\",\"isPartOf\":{\"@id\":\"http:\/\/www.tunisimplant.com\/#website\"},\"datePublished\":\"2019-10-15T17:20:14+00:00\",\"dateModified\":\"2020-03-15T20:53:58+00:00\",\"breadcrumb\":{\"@id\":\"http:\/\/www.tunisimplant.com\/protheses\/#breadcrumb\"},\"inLanguage\":\"en-US\",\"potentialAction\":[{\"@type\":\"ReadAction\",\"target\":[\"http:\/\/www.tunisimplant.com\/protheses\/\"]}]},{\"@type\":\"BreadcrumbList\",\"@id\":\"http:\/\/www.tunisimplant.com\/protheses\/#breadcrumb\",\"itemListElement\":[{\"@type\":\"ListItem\",\"position\":1,\"name\":\"Home\",\"item\":\"http:\/\/www.tunisimplant.com\/\"},{\"@type\":\"ListItem\",\"position\":2,\"name\":\"Proth\u00e8ses Dentaire\"}]},{\"@type\":\"WebSite\",\"@id\":\"http:\/\/www.tunisimplant.com\/#website\",\"url\":\"http:\/\/www.tunisimplant.com\/\",\"name\":\"TunisImplant\",\"description\":\"\",\"publisher\":{\"@id\":\"http:\/\/www.tunisimplant.com\/#organization\"},\"potentialAction\":[{\"@type\":\"SearchAction\",\"target\":{\"@type\":\"EntryPoint\",\"urlTemplate\":\"http:\/\/www.tunisimplant.com\/?s={search_term_string}\"},\"query-input\":\"required name=search_term_string\"}],\"inLanguage\":\"en-US\"},{\"@type\":\"Organization\",\"@id\":\"http:\/\/www.tunisimplant.com\/#organization\",\"name\":\"TunisImplant\",\"url\":\"http:\/\/www.tunisimplant.com\/\",\"logo\":{\"@type\":\"ImageObject\",\"inLanguage\":\"en-US\",\"@id\":\"http:\/\/www.tunisimplant.com\/#\/schema\/logo\/image\/\",\"url\":\"http:\/\/www.tunisimplant.com\/wp-content\/uploads\/2020\/02\/83445636_177188080216249_4882617580570804224_n.png\",\"contentUrl\":\"http:\/\/www.tunisimplant.com\/wp-content\/uploads\/2020\/02\/83445636_177188080216249_4882617580570804224_n.png\",\"width\":2244,\"height\":1352,\"caption\":\"TunisImplant\"},\"image\":{\"@id\":\"http:\/\/www.tunisimplant.com\/#\/schema\/logo\/image\/\"},\"sameAs\":[\"https:\/\/www.youtube.com\/channel\/UCycSCaSg5KMn7ZmmNbvPGBQ\"]}]}<\/script>\n<!-- \/ Yoast SEO plugin. -->","yoast_head_json":{"title":"Proth\u00e8ses Dentaire - TunisImplant","robots":{"index":"index","follow":"follow","max-snippet":"max-snippet:-1","max-image-preview":"max-image-preview:large","max-video-preview":"max-video-preview:-1"},"canonical":"http:\/\/www.tunisimplant.com\/en\/protheses\/","og_locale":"en_US","og_type":"article","og_title":"Proth\u00e8ses Dentaire - TunisImplant","og_description":"Protheses Dentaire Le remplacement des\u00a0dents\u00a0absentes, se fait par les proth\u00e8ses dentaires, c\u2019est des\u00a0 dispositifs de substitutions\u00a0par un ensemble de\u00a0dents\u00a0artificielles que l&rsquo;on fixe sur les dents qui restent ou sur des implants, dans le but de reformer une arcade dentaire compl\u00e8te. On classifie les proth\u00e8ses dentaires selon plusieurs crit\u00e8res\u00a0: Soit des proth\u00e8ses amovibles (sur dents, sur &hellip; Proth\u00e8ses Dentaire Read More &raquo;","og_url":"http:\/\/www.tunisimplant.com\/en\/protheses\/","og_site_name":"TunisImplant","article_modified_time":"2020-03-15T20:53:58+00:00","twitter_card":"summary_large_image","twitter_misc":{"Est. reading time":"1 minute"},"schema":{"@context":"https:\/\/schema.org","@graph":[{"@type":"WebPage","@id":"http:\/\/www.tunisimplant.com\/protheses\/","url":"http:\/\/www.tunisimplant.com\/protheses\/","name":"Proth\u00e8ses Dentaire - TunisImplant","isPartOf":{"@id":"http:\/\/www.tunisimplant.com\/#website"},"datePublished":"2019-10-15T17:20:14+00:00","dateModified":"2020-03-15T20:53:58+00:00","breadcrumb":{"@id":"http:\/\/www.tunisimplant.com\/protheses\/#breadcrumb"},"inLanguage":"en-US","potentialAction":[{"@type":"ReadAction","target":["http:\/\/www.tunisimplant.com\/protheses\/"]}]},{"@type":"BreadcrumbList","@id":"http:\/\/www.tunisimplant.com\/protheses\/#breadcrumb","itemListElement":[{"@type":"ListItem","position":1,"name":"Home","item":"http:\/\/www.tunisimplant.com\/"},{"@type":"ListItem","position":2,"name":"Proth\u00e8ses Dentaire"}]},{"@type":"WebSite","@id":"http:\/\/www.tunisimplant.com\/#website","url":"http:\/\/www.tunisimplant.com\/","name":"TunisImplant","description":"","publisher":{"@id":"http:\/\/www.tunisimplant.com\/#organization"},"potentialAction":[{"@type":"SearchAction","target":{"@type":"EntryPoint","urlTemplate":"http:\/\/www.tunisimplant.com\/?s={search_term_string}"},"query-input":"required name=search_term_string"}],"inLanguage":"en-US"},{"@type":"Organization","@id":"http:\/\/www.tunisimplant.com\/#organization","name":"TunisImplant","url":"http:\/\/www.tunisimplant.com\/","logo":{"@type":"ImageObject","inLanguage":"en-US","@id":"http:\/\/www.tunisimplant.com\/#\/schema\/logo\/image\/","url":"http:\/\/www.tunisimplant.com\/wp-content\/uploads\/2020\/02\/83445636_177188080216249_4882617580570804224_n.png","contentUrl":"http:\/\/www.tunisimplant.com\/wp-content\/uploads\/2020\/02\/83445636_177188080216249_4882617580570804224_n.png","width":2244,"height":1352,"caption":"TunisImplant"},"image":{"@id":"http:\/\/www.tunisimplant.com\/#\/schema\/logo\/image\/"},"sameAs":["https:\/\/www.youtube.com\/channel\/UCycSCaSg5KMn7ZmmNbvPGBQ"]}]}},"uagb_featured_image_src":{"full":false,"thumbnail":false,"medium":false,"medium_large":false,"large":false,"1536x1536":false,"2048x2048":false,"trp-custom-language-flag":false},"uagb_author_info":{"display_name":"khaledbenromdhane","author_link":"http:\/\/www.tunisimplant.com\/en\/author\/khaledbenromdhane\/"},"uagb_comment_info":0,"uagb_excerpt":"Protheses Dentaire Le remplacement des\u00a0dents\u00a0absentes, se fait par les proth\u00e8ses dentaires, c\u2019est des\u00a0 dispositifs de substitutions\u00a0par un ensemble de\u00a0dents\u00a0artificielles que l&rsquo;on fixe sur les dents qui restent ou sur des implants, dans le but de reformer une arcade dentaire compl\u00e8te. On classifie les proth\u00e8ses dentaires selon plusieurs crit\u00e8res\u00a0: Soit des proth\u00e8ses amovibles (sur dents, sur&hellip;","_links":{"self":[{"href":"http:\/\/www.tunisimplant.com\/en\/wp-json\/wp\/v2\/pages\/1156"}],"collection":[{"href":"http:\/\/www.tunisimplant.com\/en\/wp-json\/wp\/v2\/pages"}],"about":[{"href":"http:\/\/www.tunisimplant.com\/en\/wp-json\/wp\/v2\/types\/page"}],"author":[{"embeddable":true,"href":"http:\/\/www.tunisimplant.com\/en\/wp-json\/wp\/v2\/users\/1"}],"replies":[{"embeddable":true,"href":"http:\/\/www.tunisimplant.com\/en\/wp-json\/wp\/v2\/comments?post=1156"}],"version-history":[{"count":20,"href":"http:\/\/www.tunisimplant.com\/en\/wp-json\/wp\/v2\/pages\/1156\/revisions"}],"predecessor-version":[{"id":1866,"href":"http:\/\/www.tunisimplant.com\/en\/wp-json\/wp\/v2\/pages\/1156\/revisions\/1866"}],"wp:attachment":[{"href":"http:\/\/www.tunisimplant.com\/en\/wp-json\/wp\/v2\/media?parent=1156"}],"curies":[{"name":"wp","href":"https:\/\/api.w.org\/{rel}","templated":true}]}}